{"id":1028,"date":"2024-01-31T10:58:13","date_gmt":"2024-01-31T13:58:13","guid":{"rendered":"https:\/\/elytmoveisdeaco.com.br\/?post_type=product&#038;p=1028"},"modified":"2024-10-18T12:47:43","modified_gmt":"2024-10-18T15:47:43","slug":"armario-de-aco-ferramenteiro-2-portas","status":"publish","type":"product","link":"https:\/\/elytmoveisdeaco.com.br\/en\/product\/armario-de-aco-ferramenteiro-2-portas\/","title":{"rendered":"Arm\u00e1rio de A\u00e7o Ferramenteiro \u2013 2 Portas"},"content":{"rendered":"<div class=\"sinopse-produto\">\n<p>Arm\u00e1rio de A\u00e7o Ferramenteiro \u2013 2 Portas<\/p>\n<\/div>\n<div class=\"descricao-produto\">\n<p>&nbsp;<\/p>\n<p>O Arm\u00e1rio de A\u00e7o Ferramenteiro \u00e9\u00a0<b>ideal para organizar e guardar suas ferramentas e itens relacionados em seguran\u00e7a e mant\u00ea-los organizados<\/b>.<\/p>\n<p>\u2013 2 portas de abrir;<\/p>\n<p>\u2013 2 gavetas;<\/p>\n<p>\u2013 Fechadura, chave e puxador;<\/p>\n<p>\u2013 1 prateleira fixa resistente a 15kg;<\/p>\n<p>\u2013 Pintura eletrost\u00e1tica a alta temperatura a p\u00f3 ep\u00f3xi (garante maior durabilidade da cor e resist\u00eancia \u00e0 ferrugem).<\/p>\n<p>&nbsp;<\/p>\n<h3><strong>Especifica\u00e7\u00f5es:<\/strong><\/h3>\n<p>Cor: Cinza (padr\u00e3o).<\/p>\n<p>Produto na Chapa:\u00a026 (0.45mm).<\/p>\n<p>Medida do Arm\u00e1rio: 1,04 (alt) x 0,88 (larg) x 0,40 (prof).<\/p>\n<p>&nbsp;<\/p>\n<p>&nbsp;<\/p>\n<p><em><strong>* Produto montado.<\/strong><\/em><\/p>\n<p><em><strong>* Produto Direto de F\u00e1brica<\/strong><strong>!<\/strong><\/em><\/p>\n<p><em><strong>* Enviamos por frete terceirizado para S\u00e3o Paulo (capital) e Grande S\u00e3o Paulo, nos informe seu cep e cotamos o valor do frete para voc\u00ea!\u00a0<\/strong><\/em><em><strong>Ou se preferir pode vir retirar em nossa loja.<\/strong><\/em><\/p>\n<p><em><strong>*Fa\u00e7a sua pergunta e tire suas d\u00favidas, que vamos responder o mais breve poss\u00edvel.<\/strong><\/em><\/p>\n<\/div>","protected":false},"excerpt":{"rendered":"<p>OU\u00a0<strong>R$ 812,00<\/strong>\u00a0\u00c0 VISTA<\/p>\n<p>AF &#8211; Duplo (2 portas) &#8211; R$ 812,00 \u00e0 vista | R$ 877,00 a prazo<\/p>","protected":false},"featured_media":2416,"template":"","meta":{"site-sidebar-layout":"default","site-content-layout":"","ast-site-content-layout":"default","site-content-style":"default","site-sidebar-style":"default","ast-global-header-display":"","ast-banner-title-visibility":"","ast-main-header-display":"","ast-hfb-above-header-display":"","ast-hfb-below-header-display":"","ast-hfb-mobile-header-display":"","site-post-title":"","ast-breadcrumbs-content":"","ast-featured-img":"","footer-sml-layout":"","ast-disable-related-posts":"","theme-transparent-header-meta":"default","adv-header-id-meta":"","stick-header-meta":"","header-above-stick-meta":"","header-main-stick-meta":"","header-below-stick-meta":"","astra-migrate-meta-layouts":"set","ast-page-background-enabled":"default","ast-page-background-meta":{"desktop":{"background-color":"var(--ast-global-color-4)","background-image":"","background-repeat":"repeat","background-position":"center center","background-size":"auto","background-attachment":"scroll","background-type":"","background-media":"","overlay-type":"","overlay-color":"","overlay-opacity":"","overlay-gradient":""},"tablet":{"background-color":"","background-image":"","background-repeat":"repeat","background-position":"center center","background-size":"auto","background-attachment":"scroll","background-type":"","background-media":"","overlay-type":"","overlay-color":"","overlay-opacity":"","overlay-gradient":""},"mobile":{"background-color":"","background-image":"","background-repeat":"repeat","background-position":"center center","background-size":"auto","background-attachment":"scroll","background-type":"","background-media":"","overlay-type":"","overlay-color":"","overlay-opacity":"","overlay-gradient":""}},"ast-content-background-meta":{"desktop":{"background-color":"var(--ast-global-color-5)","background-image":"","background-repeat":"repeat","background-position":"center center","background-size":"auto","background-attachment":"scroll","background-type":"","background-media":"","overlay-type":"","overlay-color":"","overlay-opacity":"","overlay-gradient":""},"tablet":{"background-color":"var(--ast-global-color-5)","background-image":"","background-repeat":"repeat","background-position":"center center","background-size":"auto","background-attachment":"scroll","background-type":"","background-media":"","overlay-type":"","overlay-color":"","overlay-opacity":"","overlay-gradient":""},"mobile":{"background-color":"var(--ast-global-color-5)","background-image":"","background-repeat":"repeat","background-position":"center center","background-size":"auto","background-attachment":"scroll","background-type":"","background-media":"","overlay-type":"","overlay-color":"","overlay-opacity":"","overlay-gradient":""}}},"product_brand":[],"product_cat":[21],"product_tag":[],"class_list":{"0":"post-1028","1":"product","2":"type-product","3":"status-publish","4":"has-post-thumbnail","6":"product_cat-armario-de-aco","7":"desktop-align-left","8":"tablet-align-left","9":"mobile-align-left","11":"first","12":"instock","13":"shipping-taxable","14":"purchasable","15":"product-type-simple"},"yoast_head":"<!-- This site is optimized with the Yoast SEO plugin v27.4 - https:\/\/yoast.com\/product\/yoast-seo-wordpress\/ -->\n<title>Arm\u00e1rio de A\u00e7o Ferramenteiro \u2013 2 Portas - Elyt Moveis<\/title>\n<meta name=\"robots\" content=\"index, follow, max-snippet:-1, max-image-preview:large, max-video-preview:-1\" \/>\n<link rel=\"canonical\" href=\"https:\/\/elytmoveisdeaco.com.br\/en\/product\/armario-de-aco-ferramenteiro-2-portas\/\" \/>\n<meta property=\"og:locale\" content=\"en_US\" \/>\n<meta property=\"og:type\" content=\"article\" \/>\n<meta property=\"og:title\" content=\"Arm\u00e1rio de A\u00e7o Ferramenteiro \u2013 2 Portas - Elyt Moveis\" \/>\n<meta property=\"og:description\" content=\"OU\u00a0R$ 812,00\u00a0\u00c0 VISTA  AF - Duplo (2 portas) - R$ 812,00 \u00e0 vista | R$ 877,00 a prazo\" \/>\n<meta property=\"og:url\" content=\"https:\/\/elytmoveisdeaco.com.br\/en\/product\/armario-de-aco-ferramenteiro-2-portas\/\" \/>\n<meta property=\"og:site_name\" content=\"Elyt Moveis\" \/>\n<meta property=\"article:modified_time\" content=\"2024-10-18T15:47:43+00:00\" \/>\n<meta property=\"og:image\" content=\"https:\/\/elytmoveisdeaco.com.br\/wp-content\/uploads\/2024\/01\/Imagem-do-WhatsApp-de-2024-06-10-as-16.01.39_5153f9e5.jpg\" \/>\n\t<meta property=\"og:image:width\" content=\"900\" \/>\n\t<meta property=\"og:image:height\" content=\"900\" \/>\n\t<meta property=\"og:image:type\" content=\"image\/jpeg\" \/>\n<meta name=\"twitter:card\" content=\"summary_large_image\" \/>\n<meta name=\"twitter:label1\" content=\"Est. reading time\" \/>\n\t<meta name=\"twitter:data1\" content=\"1 minute\" \/>\n<script type=\"application\/ld+json\" class=\"yoast-schema-graph\">{\"@context\":\"https:\\\/\\\/schema.org\",\"@graph\":[{\"@type\":\"WebPage\",\"@id\":\"https:\\\/\\\/elytmoveisdeaco.com.br\\\/produto\\\/armario-de-aco-ferramenteiro-2-portas\\\/\",\"url\":\"https:\\\/\\\/elytmoveisdeaco.com.br\\\/produto\\\/armario-de-aco-ferramenteiro-2-portas\\\/\",\"name\":\"Arm\u00e1rio de A\u00e7o Ferramenteiro \u2013 2 Portas - Elyt Moveis\",\"isPartOf\":{\"@id\":\"https:\\\/\\\/elytmoveisdeaco.com.br\\\/#website\"},\"primaryImageOfPage\":{\"@id\":\"https:\\\/\\\/elytmoveisdeaco.com.br\\\/produto\\\/armario-de-aco-ferramenteiro-2-portas\\\/#primaryimage\"},\"image\":{\"@id\":\"https:\\\/\\\/elytmoveisdeaco.com.br\\\/produto\\\/armario-de-aco-ferramenteiro-2-portas\\\/#primaryimage\"},\"thumbnailUrl\":\"https:\\\/\\\/elytmoveisdeaco.com.br\\\/wp-content\\\/uploads\\\/2024\\\/01\\\/Imagem-do-WhatsApp-de-2024-06-10-as-16.01.39_5153f9e5.jpg\",\"datePublished\":\"2024-01-31T13:58:13+00:00\",\"dateModified\":\"2024-10-18T15:47:43+00:00\",\"breadcrumb\":{\"@id\":\"https:\\\/\\\/elytmoveisdeaco.com.br\\\/produto\\\/armario-de-aco-ferramenteiro-2-portas\\\/#breadcrumb\"},\"inLanguage\":\"en-US\",\"potentialAction\":[{\"@type\":\"ReadAction\",\"target\":[\"https:\\\/\\\/elytmoveisdeaco.com.br\\\/produto\\\/armario-de-aco-ferramenteiro-2-portas\\\/\"]}]},{\"@type\":\"ImageObject\",\"inLanguage\":\"en-US\",\"@id\":\"https:\\\/\\\/elytmoveisdeaco.com.br\\\/produto\\\/armario-de-aco-ferramenteiro-2-portas\\\/#primaryimage\",\"url\":\"https:\\\/\\\/elytmoveisdeaco.com.br\\\/wp-content\\\/uploads\\\/2024\\\/01\\\/Imagem-do-WhatsApp-de-2024-06-10-as-16.01.39_5153f9e5.jpg\",\"contentUrl\":\"https:\\\/\\\/elytmoveisdeaco.com.br\\\/wp-content\\\/uploads\\\/2024\\\/01\\\/Imagem-do-WhatsApp-de-2024-06-10-as-16.01.39_5153f9e5.jpg\",\"width\":900,\"height\":900,\"caption\":\"Arm\u00e1rio de A\u00e7o Ferramenteiro \u2013 2 Portas\"},{\"@type\":\"BreadcrumbList\",\"@id\":\"https:\\\/\\\/elytmoveisdeaco.com.br\\\/produto\\\/armario-de-aco-ferramenteiro-2-portas\\\/#breadcrumb\",\"itemListElement\":[{\"@type\":\"ListItem\",\"position\":1,\"name\":\"In\u00edcio\",\"item\":\"https:\\\/\\\/elytmoveisdeaco.com.br\\\/\"},{\"@type\":\"ListItem\",\"position\":2,\"name\":\"Loja\",\"item\":\"https:\\\/\\\/elytmoveisdeaco.com.br\\\/loja\\\/\"},{\"@type\":\"ListItem\",\"position\":3,\"name\":\"Arm\u00e1rio de A\u00e7o Ferramenteiro \u2013 2 Portas\"}]},{\"@type\":\"WebSite\",\"@id\":\"https:\\\/\\\/elytmoveisdeaco.com.br\\\/#website\",\"url\":\"https:\\\/\\\/elytmoveisdeaco.com.br\\\/\",\"name\":\"Elyt Moveis\",\"description\":\"As Melhores Estantes para seu o Estoque\",\"publisher\":{\"@id\":\"https:\\\/\\\/elytmoveisdeaco.com.br\\\/#organization\"},\"potentialAction\":[{\"@type\":\"SearchAction\",\"target\":{\"@type\":\"EntryPoint\",\"urlTemplate\":\"https:\\\/\\\/elytmoveisdeaco.com.br\\\/?s={search_term_string}\"},\"query-input\":{\"@type\":\"PropertyValueSpecification\",\"valueRequired\":true,\"valueName\":\"search_term_string\"}}],\"inLanguage\":\"en-US\"},{\"@type\":\"Organization\",\"@id\":\"https:\\\/\\\/elytmoveisdeaco.com.br\\\/#organization\",\"name\":\"Elyt Moveis\",\"url\":\"https:\\\/\\\/elytmoveisdeaco.com.br\\\/\",\"logo\":{\"@type\":\"ImageObject\",\"inLanguage\":\"en-US\",\"@id\":\"https:\\\/\\\/elytmoveisdeaco.com.br\\\/#\\\/schema\\\/logo\\\/image\\\/\",\"url\":\"https:\\\/\\\/elytmoveisdeaco.com.br\\\/wp-content\\\/uploads\\\/2023\\\/12\\\/cropped-1663352060-9964807-17700-0b519f2c1866bd5148dfb7a4f0ac51ac.webp\",\"contentUrl\":\"https:\\\/\\\/elytmoveisdeaco.com.br\\\/wp-content\\\/uploads\\\/2023\\\/12\\\/cropped-1663352060-9964807-17700-0b519f2c1866bd5148dfb7a4f0ac51ac.webp\",\"width\":131,\"height\":86,\"caption\":\"Elyt Moveis\"},\"image\":{\"@id\":\"https:\\\/\\\/elytmoveisdeaco.com.br\\\/#\\\/schema\\\/logo\\\/image\\\/\"}}]}<\/script>\n<!-- \/ Yoast SEO plugin. -->","yoast_head_json":{"title":"Arm\u00e1rio de A\u00e7o Ferramenteiro \u2013 2 Portas - Elyt Moveis","robots":{"index":"index","follow":"follow","max-snippet":"max-snippet:-1","max-image-preview":"max-image-preview:large","max-video-preview":"max-video-preview:-1"},"canonical":"https:\/\/elytmoveisdeaco.com.br\/en\/product\/armario-de-aco-ferramenteiro-2-portas\/","og_locale":"en_US","og_type":"article","og_title":"Arm\u00e1rio de A\u00e7o Ferramenteiro \u2013 2 Portas - Elyt Moveis","og_description":"OU\u00a0R$ 812,00\u00a0\u00c0 VISTA  AF - Duplo (2 portas) - R$ 812,00 \u00e0 vista | R$ 877,00 a prazo","og_url":"https:\/\/elytmoveisdeaco.com.br\/en\/product\/armario-de-aco-ferramenteiro-2-portas\/","og_site_name":"Elyt Moveis","article_modified_time":"2024-10-18T15:47:43+00:00","og_image":[{"width":900,"height":900,"url":"https:\/\/elytmoveisdeaco.com.br\/wp-content\/uploads\/2024\/01\/Imagem-do-WhatsApp-de-2024-06-10-as-16.01.39_5153f9e5.jpg","type":"image\/jpeg"}],"twitter_card":"summary_large_image","twitter_misc":{"Est. reading time":"1 minute"},"schema":{"@context":"https:\/\/schema.org","@graph":[{"@type":"WebPage","@id":"https:\/\/elytmoveisdeaco.com.br\/produto\/armario-de-aco-ferramenteiro-2-portas\/","url":"https:\/\/elytmoveisdeaco.com.br\/produto\/armario-de-aco-ferramenteiro-2-portas\/","name":"Arm\u00e1rio de A\u00e7o Ferramenteiro \u2013 2 Portas - Elyt Moveis","isPartOf":{"@id":"https:\/\/elytmoveisdeaco.com.br\/#website"},"primaryImageOfPage":{"@id":"https:\/\/elytmoveisdeaco.com.br\/produto\/armario-de-aco-ferramenteiro-2-portas\/#primaryimage"},"image":{"@id":"https:\/\/elytmoveisdeaco.com.br\/produto\/armario-de-aco-ferramenteiro-2-portas\/#primaryimage"},"thumbnailUrl":"https:\/\/elytmoveisdeaco.com.br\/wp-content\/uploads\/2024\/01\/Imagem-do-WhatsApp-de-2024-06-10-as-16.01.39_5153f9e5.jpg","datePublished":"2024-01-31T13:58:13+00:00","dateModified":"2024-10-18T15:47:43+00:00","breadcrumb":{"@id":"https:\/\/elytmoveisdeaco.com.br\/produto\/armario-de-aco-ferramenteiro-2-portas\/#breadcrumb"},"inLanguage":"en-US","potentialAction":[{"@type":"ReadAction","target":["https:\/\/elytmoveisdeaco.com.br\/produto\/armario-de-aco-ferramenteiro-2-portas\/"]}]},{"@type":"ImageObject","inLanguage":"en-US","@id":"https:\/\/elytmoveisdeaco.com.br\/produto\/armario-de-aco-ferramenteiro-2-portas\/#primaryimage","url":"https:\/\/elytmoveisdeaco.com.br\/wp-content\/uploads\/2024\/01\/Imagem-do-WhatsApp-de-2024-06-10-as-16.01.39_5153f9e5.jpg","contentUrl":"https:\/\/elytmoveisdeaco.com.br\/wp-content\/uploads\/2024\/01\/Imagem-do-WhatsApp-de-2024-06-10-as-16.01.39_5153f9e5.jpg","width":900,"height":900,"caption":"Arm\u00e1rio de A\u00e7o Ferramenteiro \u2013 2 Portas"},{"@type":"BreadcrumbList","@id":"https:\/\/elytmoveisdeaco.com.br\/produto\/armario-de-aco-ferramenteiro-2-portas\/#breadcrumb","itemListElement":[{"@type":"ListItem","position":1,"name":"In\u00edcio","item":"https:\/\/elytmoveisdeaco.com.br\/"},{"@type":"ListItem","position":2,"name":"Loja","item":"https:\/\/elytmoveisdeaco.com.br\/loja\/"},{"@type":"ListItem","position":3,"name":"Arm\u00e1rio de A\u00e7o Ferramenteiro \u2013 2 Portas"}]},{"@type":"WebSite","@id":"https:\/\/elytmoveisdeaco.com.br\/#website","url":"https:\/\/elytmoveisdeaco.com.br\/","name":"Elyt Moveis","description":"As Melhores Estantes para seu o Estoque","publisher":{"@id":"https:\/\/elytmoveisdeaco.com.br\/#organization"},"potentialAction":[{"@type":"SearchAction","target":{"@type":"EntryPoint","urlTemplate":"https:\/\/elytmoveisdeaco.com.br\/?s={search_term_string}"},"query-input":{"@type":"PropertyValueSpecification","valueRequired":true,"valueName":"search_term_string"}}],"inLanguage":"en-US"},{"@type":"Organization","@id":"https:\/\/elytmoveisdeaco.com.br\/#organization","name":"Elyt Moveis","url":"https:\/\/elytmoveisdeaco.com.br\/","logo":{"@type":"ImageObject","inLanguage":"en-US","@id":"https:\/\/elytmoveisdeaco.com.br\/#\/schema\/logo\/image\/","url":"https:\/\/elytmoveisdeaco.com.br\/wp-content\/uploads\/2023\/12\/cropped-1663352060-9964807-17700-0b519f2c1866bd5148dfb7a4f0ac51ac.webp","contentUrl":"https:\/\/elytmoveisdeaco.com.br\/wp-content\/uploads\/2023\/12\/cropped-1663352060-9964807-17700-0b519f2c1866bd5148dfb7a4f0ac51ac.webp","width":131,"height":86,"caption":"Elyt Moveis"},"image":{"@id":"https:\/\/elytmoveisdeaco.com.br\/#\/schema\/logo\/image\/"}}]}},"_links":{"self":[{"href":"https:\/\/elytmoveisdeaco.com.br\/en\/wp-json\/wp\/v2\/product\/1028","targetHints":{"allow":["GET"]}}],"collection":[{"href":"https:\/\/elytmoveisdeaco.com.br\/en\/wp-json\/wp\/v2\/product"}],"about":[{"href":"https:\/\/elytmoveisdeaco.com.br\/en\/wp-json\/wp\/v2\/types\/product"}],"wp:featuredmedia":[{"embeddable":true,"href":"https:\/\/elytmoveisdeaco.com.br\/en\/wp-json\/wp\/v2\/media\/2416"}],"wp:attachment":[{"href":"https:\/\/elytmoveisdeaco.com.br\/en\/wp-json\/wp\/v2\/media?parent=1028"}],"wp:term":[{"taxonomy":"product_brand","embeddable":true,"href":"https:\/\/elytmoveisdeaco.com.br\/en\/wp-json\/wp\/v2\/product_brand?post=1028"},{"taxonomy":"product_cat","embeddable":true,"href":"https:\/\/elytmoveisdeaco.com.br\/en\/wp-json\/wp\/v2\/product_cat?post=1028"},{"taxonomy":"product_tag","embeddable":true,"href":"https:\/\/elytmoveisdeaco.com.br\/en\/wp-json\/wp\/v2\/product_tag?post=1028"}],"curies":[{"name":"wp","href":"https:\/\/api.w.org\/{rel}","templated":true}]}}