{"id":1080,"date":"2024-01-31T14:54:59","date_gmt":"2024-01-31T17:54:59","guid":{"rendered":"https:\/\/elytmoveisdeaco.com.br\/?post_type=product&#038;p=1080"},"modified":"2024-10-18T12:40:27","modified_gmt":"2024-10-18T15:40:27","slug":"mini-porta-pallet-modulo-inicial","status":"publish","type":"product","link":"https:\/\/elytmoveisdeaco.com.br\/en\/product\/mini-porta-pallet-modulo-inicial\/","title":{"rendered":"Mini Porta Pallet \u2013 M\u00f3dulo Inicial"},"content":{"rendered":"<div class=\"sinopse-produto\">\n<p>Mini Porta Pallet \u2013 M\u00f3dulo Inicial<\/p>\n<\/div>\n<div class=\"descricao-produto\">\n<p>&nbsp;<\/p>\n<p><strong>Estrutura de armazenagem de cargas volumosas<\/strong>\u00a0e de m\u00e9dio peso, controladas manualmente. \u00c9 composta por longarinas (vigas) encaix\u00e1veis e regul\u00e1veis e por montantes (laterais). Trata-se de um<strong>\u00a0sistema vers\u00e1til<\/strong>, o que permite ser usado em conjunto com mezaninos e pisos intermedi\u00e1rios.<\/p>\n<p>O Mini Porta Pallet \u00e9 um produto resistente indicado para utiliza\u00e7\u00e3o em\u00a0<strong>estoques e dep\u00f3sitos<\/strong>,\u00a0<strong>suporta 500kg por n\u00edvel<\/strong>\u00a0(par de longarina) muito comum em ambientes como lojas de material de constru\u00e7\u00e3o, supermercados, atacados, pet shops e restaurantes.\u00a0\u00a0<strong>Esse em especial possui 4 pares de longarina<\/strong>. Mas\u00a0<strong>voc\u00ea pode personaliza-lo<\/strong>\u00a0com a quantidade que deseja, apenas nos envie seu pedido de or\u00e7amento.<\/p>\n<h3><strong>ESPECIFICA\u00c7\u00d5ES DESSE M\u00d3DULO<\/strong><\/h3>\n<p>4 Pares de Longarina<\/p>\n<p>Suporta 500kg por par de longarina<\/p>\n<p>Medida: 2,00 x 1,20 x 0,80<\/p>\n<p>Valor somente da estrutura<\/p>\n<p>Plano Met\u00e1lico \/ Madeira: possui acr\u00e9scimo.<\/p>\n<p>Mini Porta Pallet: m\u00f3dulo inicial \u00e9: R$ 1.800,00| o m\u00f3dulo continua\u00e7\u00e3o \u00e9: R$ 1.375,00<\/p>\n<p>&nbsp;<\/p>\n<h3><strong>OP\u00c7\u00d5ES DE MEDIDA:<\/strong><\/h3>\n<p>Altura: 2,00 \/ 3,00<br \/>\nProfundidade: 0,80<br \/>\nComprimento: 1,20 \/ 1,80<\/p>\n<p>&nbsp;<\/p>\n<p><em><strong>* Produto desmontado (caso queira o produto montado, consulte o valor).<\/strong><\/em><\/p>\n<p><em><strong>* Produto direto de f\u00e1brica<\/strong><strong>!<\/strong><\/em><\/p>\n<p><em><strong>* Enviamos para todo o Brasil atrav\u00e9s das nossas transportadora parceiras, informe seu pedido e CEP e consultamos o valor do frete para voc\u00ea.\u00a0<\/strong><\/em><\/p>\n<p><em><strong>*Fa\u00e7a sua pergunta e tire suas d\u00favidas, iremos te responder o mais r\u00e1pido poss\u00edvel.<\/strong><\/em><\/p>\n<\/div>","protected":false},"excerpt":{"rendered":"<p class=\"preco\">PE\u00c7A SEU OR\u00c7AMENTO!<\/p>","protected":false},"featured_media":1081,"template":"","meta":{"site-sidebar-layout":"default","site-content-layout":"","ast-site-content-layout":"default","site-content-style":"default","site-sidebar-style":"default","ast-global-header-display":"","ast-banner-title-visibility":"","ast-main-header-display":"","ast-hfb-above-header-display":"","ast-hfb-below-header-display":"","ast-hfb-mobile-header-display":"","site-post-title":"","ast-breadcrumbs-content":"","ast-featured-img":"","footer-sml-layout":"","ast-disable-related-posts":"","theme-transparent-header-meta":"default","adv-header-id-meta":"","stick-header-meta":"","header-above-stick-meta":"","header-main-stick-meta":"","header-below-stick-meta":"","astra-migrate-meta-layouts":"set","ast-page-background-enabled":"default","ast-page-background-meta":{"desktop":{"background-color":"var(--ast-global-color-4)","background-image":"","background-repeat":"repeat","background-position":"center center","background-size":"auto","background-attachment":"scroll","background-type":"","background-media":"","overlay-type":"","overlay-color":"","overlay-opacity":"","overlay-gradient":""},"tablet":{"background-color":"","background-image":"","background-repeat":"repeat","background-position":"center center","background-size":"auto","background-attachment":"scroll","background-type":"","background-media":"","overlay-type":"","overlay-color":"","overlay-opacity":"","overlay-gradient":""},"mobile":{"background-color":"","background-image":"","background-repeat":"repeat","background-position":"center center","background-size":"auto","background-attachment":"scroll","background-type":"","background-media":"","overlay-type":"","overlay-color":"","overlay-opacity":"","overlay-gradient":""}},"ast-content-background-meta":{"desktop":{"background-color":"var(--ast-global-color-5)","background-image":"","background-repeat":"repeat","background-position":"center center","background-size":"auto","background-attachment":"scroll","background-type":"","background-media":"","overlay-type":"","overlay-color":"","overlay-opacity":"","overlay-gradient":""},"tablet":{"background-color":"var(--ast-global-color-5)","background-image":"","background-repeat":"repeat","background-position":"center center","background-size":"auto","background-attachment":"scroll","background-type":"","background-media":"","overlay-type":"","overlay-color":"","overlay-opacity":"","overlay-gradient":""},"mobile":{"background-color":"var(--ast-global-color-5)","background-image":"","background-repeat":"repeat","background-position":"center center","background-size":"auto","background-attachment":"scroll","background-type":"","background-media":"","overlay-type":"","overlay-color":"","overlay-opacity":"","overlay-gradient":""}}},"product_brand":[],"product_cat":[30],"product_tag":[],"class_list":{"0":"post-1080","1":"product","2":"type-product","3":"status-publish","4":"has-post-thumbnail","6":"product_cat-mini-porta-pallet","7":"desktop-align-left","8":"tablet-align-left","9":"mobile-align-left","11":"first","12":"instock","13":"shipping-taxable","14":"purchasable","15":"product-type-simple"},"yoast_head":"<!-- This site is optimized with the Yoast SEO plugin v27.4 - https:\/\/yoast.com\/product\/yoast-seo-wordpress\/ -->\n<title>Mini Porta Pallet \u2013 M\u00f3dulo Inicial - Elyt Moveis<\/title>\n<meta name=\"robots\" content=\"index, follow, max-snippet:-1, max-image-preview:large, max-video-preview:-1\" \/>\n<link rel=\"canonical\" href=\"https:\/\/elytmoveisdeaco.com.br\/en\/product\/mini-porta-pallet-modulo-inicial\/\" \/>\n<meta property=\"og:locale\" content=\"en_US\" \/>\n<meta property=\"og:type\" content=\"article\" \/>\n<meta property=\"og:title\" content=\"Mini Porta Pallet \u2013 M\u00f3dulo Inicial - Elyt Moveis\" \/>\n<meta property=\"og:description\" content=\"PE\u00c7A SEU OR\u00c7AMENTO!\" \/>\n<meta property=\"og:url\" content=\"https:\/\/elytmoveisdeaco.com.br\/en\/product\/mini-porta-pallet-modulo-inicial\/\" \/>\n<meta property=\"og:site_name\" content=\"Elyt Moveis\" \/>\n<meta property=\"article:modified_time\" content=\"2024-10-18T15:40:27+00:00\" \/>\n<meta property=\"og:image\" content=\"https:\/\/elytmoveisdeaco.com.br\/wp-content\/uploads\/2024\/01\/mini-porta-pallet-modulo-inicial.jpg\" \/>\n\t<meta property=\"og:image:width\" content=\"345\" \/>\n\t<meta property=\"og:image:height\" content=\"345\" \/>\n\t<meta property=\"og:image:type\" content=\"image\/jpeg\" \/>\n<meta name=\"twitter:card\" content=\"summary_large_image\" \/>\n<meta name=\"twitter:label1\" content=\"Est. reading time\" \/>\n\t<meta name=\"twitter:data1\" content=\"1 minute\" \/>\n<script type=\"application\/ld+json\" class=\"yoast-schema-graph\">{\"@context\":\"https:\\\/\\\/schema.org\",\"@graph\":[{\"@type\":\"WebPage\",\"@id\":\"https:\\\/\\\/elytmoveisdeaco.com.br\\\/produto\\\/mini-porta-pallet-modulo-inicial\\\/\",\"url\":\"https:\\\/\\\/elytmoveisdeaco.com.br\\\/produto\\\/mini-porta-pallet-modulo-inicial\\\/\",\"name\":\"Mini Porta Pallet \u2013 M\u00f3dulo Inicial - Elyt Moveis\",\"isPartOf\":{\"@id\":\"https:\\\/\\\/elytmoveisdeaco.com.br\\\/#website\"},\"primaryImageOfPage\":{\"@id\":\"https:\\\/\\\/elytmoveisdeaco.com.br\\\/produto\\\/mini-porta-pallet-modulo-inicial\\\/#primaryimage\"},\"image\":{\"@id\":\"https:\\\/\\\/elytmoveisdeaco.com.br\\\/produto\\\/mini-porta-pallet-modulo-inicial\\\/#primaryimage\"},\"thumbnailUrl\":\"https:\\\/\\\/elytmoveisdeaco.com.br\\\/wp-content\\\/uploads\\\/2024\\\/01\\\/mini-porta-pallet-modulo-inicial.jpg\",\"datePublished\":\"2024-01-31T17:54:59+00:00\",\"dateModified\":\"2024-10-18T15:40:27+00:00\",\"breadcrumb\":{\"@id\":\"https:\\\/\\\/elytmoveisdeaco.com.br\\\/produto\\\/mini-porta-pallet-modulo-inicial\\\/#breadcrumb\"},\"inLanguage\":\"en-US\",\"potentialAction\":[{\"@type\":\"ReadAction\",\"target\":[\"https:\\\/\\\/elytmoveisdeaco.com.br\\\/produto\\\/mini-porta-pallet-modulo-inicial\\\/\"]}]},{\"@type\":\"ImageObject\",\"inLanguage\":\"en-US\",\"@id\":\"https:\\\/\\\/elytmoveisdeaco.com.br\\\/produto\\\/mini-porta-pallet-modulo-inicial\\\/#primaryimage\",\"url\":\"https:\\\/\\\/elytmoveisdeaco.com.br\\\/wp-content\\\/uploads\\\/2024\\\/01\\\/mini-porta-pallet-modulo-inicial.jpg\",\"contentUrl\":\"https:\\\/\\\/elytmoveisdeaco.com.br\\\/wp-content\\\/uploads\\\/2024\\\/01\\\/mini-porta-pallet-modulo-inicial.jpg\",\"width\":345,\"height\":345},{\"@type\":\"BreadcrumbList\",\"@id\":\"https:\\\/\\\/elytmoveisdeaco.com.br\\\/produto\\\/mini-porta-pallet-modulo-inicial\\\/#breadcrumb\",\"itemListElement\":[{\"@type\":\"ListItem\",\"position\":1,\"name\":\"In\u00edcio\",\"item\":\"https:\\\/\\\/elytmoveisdeaco.com.br\\\/\"},{\"@type\":\"ListItem\",\"position\":2,\"name\":\"Loja\",\"item\":\"https:\\\/\\\/elytmoveisdeaco.com.br\\\/loja\\\/\"},{\"@type\":\"ListItem\",\"position\":3,\"name\":\"Mini Porta Pallet \u2013 M\u00f3dulo Inicial\"}]},{\"@type\":\"WebSite\",\"@id\":\"https:\\\/\\\/elytmoveisdeaco.com.br\\\/#website\",\"url\":\"https:\\\/\\\/elytmoveisdeaco.com.br\\\/\",\"name\":\"Elyt Moveis\",\"description\":\"As Melhores Estantes para seu o Estoque\",\"publisher\":{\"@id\":\"https:\\\/\\\/elytmoveisdeaco.com.br\\\/#organization\"},\"potentialAction\":[{\"@type\":\"SearchAction\",\"target\":{\"@type\":\"EntryPoint\",\"urlTemplate\":\"https:\\\/\\\/elytmoveisdeaco.com.br\\\/?s={search_term_string}\"},\"query-input\":{\"@type\":\"PropertyValueSpecification\",\"valueRequired\":true,\"valueName\":\"search_term_string\"}}],\"inLanguage\":\"en-US\"},{\"@type\":\"Organization\",\"@id\":\"https:\\\/\\\/elytmoveisdeaco.com.br\\\/#organization\",\"name\":\"Elyt Moveis\",\"url\":\"https:\\\/\\\/elytmoveisdeaco.com.br\\\/\",\"logo\":{\"@type\":\"ImageObject\",\"inLanguage\":\"en-US\",\"@id\":\"https:\\\/\\\/elytmoveisdeaco.com.br\\\/#\\\/schema\\\/logo\\\/image\\\/\",\"url\":\"https:\\\/\\\/elytmoveisdeaco.com.br\\\/wp-content\\\/uploads\\\/2023\\\/12\\\/cropped-1663352060-9964807-17700-0b519f2c1866bd5148dfb7a4f0ac51ac.webp\",\"contentUrl\":\"https:\\\/\\\/elytmoveisdeaco.com.br\\\/wp-content\\\/uploads\\\/2023\\\/12\\\/cropped-1663352060-9964807-17700-0b519f2c1866bd5148dfb7a4f0ac51ac.webp\",\"width\":131,\"height\":86,\"caption\":\"Elyt Moveis\"},\"image\":{\"@id\":\"https:\\\/\\\/elytmoveisdeaco.com.br\\\/#\\\/schema\\\/logo\\\/image\\\/\"}}]}<\/script>\n<!-- \/ Yoast SEO plugin. -->","yoast_head_json":{"title":"Mini Porta Pallet \u2013 M\u00f3dulo Inicial - Elyt Moveis","robots":{"index":"index","follow":"follow","max-snippet":"max-snippet:-1","max-image-preview":"max-image-preview:large","max-video-preview":"max-video-preview:-1"},"canonical":"https:\/\/elytmoveisdeaco.com.br\/en\/product\/mini-porta-pallet-modulo-inicial\/","og_locale":"en_US","og_type":"article","og_title":"Mini Porta Pallet \u2013 M\u00f3dulo Inicial - Elyt Moveis","og_description":"PE\u00c7A SEU OR\u00c7AMENTO!","og_url":"https:\/\/elytmoveisdeaco.com.br\/en\/product\/mini-porta-pallet-modulo-inicial\/","og_site_name":"Elyt Moveis","article_modified_time":"2024-10-18T15:40:27+00:00","og_image":[{"width":345,"height":345,"url":"https:\/\/elytmoveisdeaco.com.br\/wp-content\/uploads\/2024\/01\/mini-porta-pallet-modulo-inicial.jpg","type":"image\/jpeg"}],"twitter_card":"summary_large_image","twitter_misc":{"Est. reading time":"1 minute"},"schema":{"@context":"https:\/\/schema.org","@graph":[{"@type":"WebPage","@id":"https:\/\/elytmoveisdeaco.com.br\/produto\/mini-porta-pallet-modulo-inicial\/","url":"https:\/\/elytmoveisdeaco.com.br\/produto\/mini-porta-pallet-modulo-inicial\/","name":"Mini Porta Pallet \u2013 M\u00f3dulo Inicial - Elyt Moveis","isPartOf":{"@id":"https:\/\/elytmoveisdeaco.com.br\/#website"},"primaryImageOfPage":{"@id":"https:\/\/elytmoveisdeaco.com.br\/produto\/mini-porta-pallet-modulo-inicial\/#primaryimage"},"image":{"@id":"https:\/\/elytmoveisdeaco.com.br\/produto\/mini-porta-pallet-modulo-inicial\/#primaryimage"},"thumbnailUrl":"https:\/\/elytmoveisdeaco.com.br\/wp-content\/uploads\/2024\/01\/mini-porta-pallet-modulo-inicial.jpg","datePublished":"2024-01-31T17:54:59+00:00","dateModified":"2024-10-18T15:40:27+00:00","breadcrumb":{"@id":"https:\/\/elytmoveisdeaco.com.br\/produto\/mini-porta-pallet-modulo-inicial\/#breadcrumb"},"inLanguage":"en-US","potentialAction":[{"@type":"ReadAction","target":["https:\/\/elytmoveisdeaco.com.br\/produto\/mini-porta-pallet-modulo-inicial\/"]}]},{"@type":"ImageObject","inLanguage":"en-US","@id":"https:\/\/elytmoveisdeaco.com.br\/produto\/mini-porta-pallet-modulo-inicial\/#primaryimage","url":"https:\/\/elytmoveisdeaco.com.br\/wp-content\/uploads\/2024\/01\/mini-porta-pallet-modulo-inicial.jpg","contentUrl":"https:\/\/elytmoveisdeaco.com.br\/wp-content\/uploads\/2024\/01\/mini-porta-pallet-modulo-inicial.jpg","width":345,"height":345},{"@type":"BreadcrumbList","@id":"https:\/\/elytmoveisdeaco.com.br\/produto\/mini-porta-pallet-modulo-inicial\/#breadcrumb","itemListElement":[{"@type":"ListItem","position":1,"name":"In\u00edcio","item":"https:\/\/elytmoveisdeaco.com.br\/"},{"@type":"ListItem","position":2,"name":"Loja","item":"https:\/\/elytmoveisdeaco.com.br\/loja\/"},{"@type":"ListItem","position":3,"name":"Mini Porta Pallet \u2013 M\u00f3dulo Inicial"}]},{"@type":"WebSite","@id":"https:\/\/elytmoveisdeaco.com.br\/#website","url":"https:\/\/elytmoveisdeaco.com.br\/","name":"Elyt Moveis","description":"As Melhores Estantes para seu o Estoque","publisher":{"@id":"https:\/\/elytmoveisdeaco.com.br\/#organization"},"potentialAction":[{"@type":"SearchAction","target":{"@type":"EntryPoint","urlTemplate":"https:\/\/elytmoveisdeaco.com.br\/?s={search_term_string}"},"query-input":{"@type":"PropertyValueSpecification","valueRequired":true,"valueName":"search_term_string"}}],"inLanguage":"en-US"},{"@type":"Organization","@id":"https:\/\/elytmoveisdeaco.com.br\/#organization","name":"Elyt Moveis","url":"https:\/\/elytmoveisdeaco.com.br\/","logo":{"@type":"ImageObject","inLanguage":"en-US","@id":"https:\/\/elytmoveisdeaco.com.br\/#\/schema\/logo\/image\/","url":"https:\/\/elytmoveisdeaco.com.br\/wp-content\/uploads\/2023\/12\/cropped-1663352060-9964807-17700-0b519f2c1866bd5148dfb7a4f0ac51ac.webp","contentUrl":"https:\/\/elytmoveisdeaco.com.br\/wp-content\/uploads\/2023\/12\/cropped-1663352060-9964807-17700-0b519f2c1866bd5148dfb7a4f0ac51ac.webp","width":131,"height":86,"caption":"Elyt Moveis"},"image":{"@id":"https:\/\/elytmoveisdeaco.com.br\/#\/schema\/logo\/image\/"}}]}},"_links":{"self":[{"href":"https:\/\/elytmoveisdeaco.com.br\/en\/wp-json\/wp\/v2\/product\/1080","targetHints":{"allow":["GET"]}}],"collection":[{"href":"https:\/\/elytmoveisdeaco.com.br\/en\/wp-json\/wp\/v2\/product"}],"about":[{"href":"https:\/\/elytmoveisdeaco.com.br\/en\/wp-json\/wp\/v2\/types\/product"}],"wp:featuredmedia":[{"embeddable":true,"href":"https:\/\/elytmoveisdeaco.com.br\/en\/wp-json\/wp\/v2\/media\/1081"}],"wp:attachment":[{"href":"https:\/\/elytmoveisdeaco.com.br\/en\/wp-json\/wp\/v2\/media?parent=1080"}],"wp:term":[{"taxonomy":"product_brand","embeddable":true,"href":"https:\/\/elytmoveisdeaco.com.br\/en\/wp-json\/wp\/v2\/product_brand?post=1080"},{"taxonomy":"product_cat","embeddable":true,"href":"https:\/\/elytmoveisdeaco.com.br\/en\/wp-json\/wp\/v2\/product_cat?post=1080"},{"taxonomy":"product_tag","embeddable":true,"href":"https:\/\/elytmoveisdeaco.com.br\/en\/wp-json\/wp\/v2\/product_tag?post=1080"}],"curies":[{"name":"wp","href":"https:\/\/api.w.org\/{rel}","templated":true}]}}