{"id":2532,"date":"2024-11-01T16:35:37","date_gmt":"2024-11-01T19:35:37","guid":{"rendered":"https:\/\/elytmoveisdeaco.com.br\/?post_type=product&#038;p=2532"},"modified":"2025-01-14T16:05:45","modified_gmt":"2025-01-14T19:05:45","slug":"gondola-de-centro-inicial-170x090x030-40-com-5-bandejas","status":"publish","type":"product","link":"https:\/\/elytmoveisdeaco.com.br\/en\/product\/gondola-de-centro-inicial-170x090x030-40-com-5-bandejas\/","title":{"rendered":"G\u00d4NDOLA DE CENTRO INICIAL &#8211; 1,70&#215;0,90&#215;0,30\/40 COM 5 BANDEJAS"},"content":{"rendered":"<p>Equipamento para comerciantes de pequeno e m\u00e9dio porte que desejem aproveitar todo o espa\u00e7o da loja. Facilmente instalada na parede devido ao sistema de montagem por encaixe, sem uso de parafusos. Utilizada em mercados, mercearias, farm\u00e1cias, papelarias, lojas de utilidades e outros neg\u00f3cios.<\/p>\n<p>Inclina\u00e7\u00e3o da bandeja em 3 posi\u00e7\u00f5es e fundo quadrado para melhor exposi\u00e7\u00e3o. Possui bandejas regul\u00e1veis na coluna a cada 25mm, o que permite adi\u00e7\u00e3o de bandejas extras. Sistema de refor\u00e7o que permite maior capacidade de carga. Ponteira de coluna para mais prote\u00e7\u00e3o e durabilidade. Possui travador de parede, item obrigat\u00f3rio para uma instala\u00e7\u00e3o com seguran\u00e7a. O n\u00famero de bandejas varia de acordo com altura.<\/p>\n<p>&nbsp;<\/p>\n<p><strong><b>ESPECIFICA\u00c7\u00d5ES<\/b><\/strong><\/p>\n<p>Quantidade de Bandejas: 5 (BASE + 4 BANDEJAS)<br \/>\nMaterial: A\u00e7o<\/p>\n<p>LARGURA DA BANDEJA: 0,90m<br \/>\nLARGURA TOTAL: 0,96m<br \/>\nPROFUNDIDADE BASE: 0,40m\u00a0| 0,50m<br \/>\nPROFUNDIDADE BANDEJA: 0,30m | 0,35m | 0,40m<br \/>\nCAPACIDADE POR BANDEJA: 40kg DISTRIBU\u00cdDO UNIFORMEMENTE<br \/>\nCor:\u00a0BRANCA<\/p>\n<p>SEM PORTA ETIQUETA<\/p>\n<p><strong><b>DIMENS\u00d5ES DO PRODUTO:<\/b><\/strong><br \/>\nAltura: 1,70m<br \/>\nLargura: 0,90m<br \/>\nComprimento\/Profundidade: 0,30m\/0,40m<\/p>\n<p>&nbsp;<\/p>\n<p><strong><b>OP\u00c7\u00d5ES DE MEDIDA:<\/b><\/strong><\/p>\n<p>ALTURA: 1,37m | 1,70m | 2,02m<\/p>\n<p>* Nova, direto de f\u00e1brica!<\/p>\n<p>* Enviamos para todo o Brasil (Transportadora), consulte-nos antes de comprar, referente o valor do frete. Ou se preferir retire em nossa loja;<\/p>\n<p>* Produto desmontado (caso queira o produto montado, consulte-nos);<\/p>\n<p>* Consulte-nos, caso tenha interesse em outras medidas\u00a0e cores;<\/p>\n<p>*Fa\u00e7a sua pergunta e tire suas d\u00favidas, que vamos responder o mais breve poss\u00edvel.<\/p>","protected":false},"excerpt":{"rendered":"<p><strong>Valor a prazo<\/strong> : R$ 1.135,00 (cada) -&gt; Cart\u00e3o de cr\u00e9dito<br><br \/>\n<strong>Valor \u00e0 vista<\/strong>: R$ 1.050,00 (cada) -&gt; Dinheiro\u00a0\/\u00a0Transfer\u00eancia<\/p>","protected":false},"featured_media":2533,"template":"","meta":{"site-sidebar-layout":"default","site-content-layout":"","ast-site-content-layout":"default","site-content-style":"default","site-sidebar-style":"default","ast-global-header-display":"","ast-banner-title-visibility":"","ast-main-header-display":"","ast-hfb-above-header-display":"","ast-hfb-below-header-display":"","ast-hfb-mobile-header-display":"","site-post-title":"","ast-breadcrumbs-content":"","ast-featured-img":"","footer-sml-layout":"","ast-disable-related-posts":"","theme-transparent-header-meta":"default","adv-header-id-meta":"","stick-header-meta":"","header-above-stick-meta":"","header-main-stick-meta":"","header-below-stick-meta":"","astra-migrate-meta-layouts":"set","ast-page-background-enabled":"default","ast-page-background-meta":{"desktop":{"background-color":"var(--ast-global-color-4)","background-image":"","background-repeat":"repeat","background-position":"center center","background-size":"auto","background-attachment":"scroll","background-type":"","background-media":"","overlay-type":"","overlay-color":"","overlay-opacity":"","overlay-gradient":""},"tablet":{"background-color":"","background-image":"","background-repeat":"repeat","background-position":"center center","background-size":"auto","background-attachment":"scroll","background-type":"","background-media":"","overlay-type":"","overlay-color":"","overlay-opacity":"","overlay-gradient":""},"mobile":{"background-color":"","background-image":"","background-repeat":"repeat","background-position":"center center","background-size":"auto","background-attachment":"scroll","background-type":"","background-media":"","overlay-type":"","overlay-color":"","overlay-opacity":"","overlay-gradient":""}},"ast-content-background-meta":{"desktop":{"background-color":"var(--ast-global-color-5)","background-image":"","background-repeat":"repeat","background-position":"center center","background-size":"auto","background-attachment":"scroll","background-type":"","background-media":"","overlay-type":"","overlay-color":"","overlay-opacity":"","overlay-gradient":""},"tablet":{"background-color":"var(--ast-global-color-5)","background-image":"","background-repeat":"repeat","background-position":"center center","background-size":"auto","background-attachment":"scroll","background-type":"","background-media":"","overlay-type":"","overlay-color":"","overlay-opacity":"","overlay-gradient":""},"mobile":{"background-color":"var(--ast-global-color-5)","background-image":"","background-repeat":"repeat","background-position":"center center","background-size":"auto","background-attachment":"scroll","background-type":"","background-media":"","overlay-type":"","overlay-color":"","overlay-opacity":"","overlay-gradient":""}}},"product_brand":[],"product_cat":[93],"product_tag":[],"class_list":{"0":"post-2532","1":"product","2":"type-product","3":"status-publish","4":"has-post-thumbnail","6":"product_cat-gondolas","7":"desktop-align-left","8":"tablet-align-left","9":"mobile-align-left","11":"first","12":"instock","13":"sale","14":"shipping-taxable","15":"purchasable","16":"product-type-simple"},"yoast_head":"<!-- This site is optimized with the Yoast SEO plugin v27.4 - https:\/\/yoast.com\/product\/yoast-seo-wordpress\/ -->\n<title>G\u00d4NDOLA DE CENTRO INICIAL - 1,70x0,90x0,30\/40 COM 5 BANDEJAS - Elyt Moveis<\/title>\n<meta name=\"robots\" content=\"index, follow, max-snippet:-1, max-image-preview:large, max-video-preview:-1\" \/>\n<link rel=\"canonical\" href=\"https:\/\/elytmoveisdeaco.com.br\/en\/product\/gondola-de-centro-inicial-170x090x030-40-com-5-bandejas\/\" \/>\n<meta property=\"og:locale\" content=\"en_US\" \/>\n<meta property=\"og:type\" content=\"article\" \/>\n<meta property=\"og:title\" content=\"G\u00d4NDOLA DE CENTRO INICIAL - 1,70x0,90x0,30\/40 COM 5 BANDEJAS - Elyt Moveis\" \/>\n<meta property=\"og:description\" content=\"Valor a prazo : R$ 1.135,00 (cada) -&gt; Cart\u00e3o de cr\u00e9dito Valor \u00e0 vista: R$ 1.050,00 (cada) -&gt; Dinheiro\u00a0\/\u00a0Transfer\u00eancia\" \/>\n<meta property=\"og:url\" content=\"https:\/\/elytmoveisdeaco.com.br\/en\/product\/gondola-de-centro-inicial-170x090x030-40-com-5-bandejas\/\" \/>\n<meta property=\"og:site_name\" content=\"Elyt Moveis\" \/>\n<meta property=\"article:modified_time\" content=\"2025-01-14T19:05:45+00:00\" \/>\n<meta property=\"og:image\" content=\"https:\/\/elytmoveisdeaco.com.br\/wp-content\/uploads\/2024\/11\/GONDOLA-DE-CENTRO-INICIAL-170x090x03040-COM-5-BANDEJAS.jpeg\" \/>\n\t<meta property=\"og:image:width\" content=\"440\" \/>\n\t<meta property=\"og:image:height\" content=\"586\" \/>\n\t<meta property=\"og:image:type\" content=\"image\/jpeg\" \/>\n<meta name=\"twitter:card\" content=\"summary_large_image\" \/>\n<meta name=\"twitter:label1\" content=\"Est. reading time\" \/>\n\t<meta name=\"twitter:data1\" content=\"1 minute\" \/>\n<script type=\"application\/ld+json\" class=\"yoast-schema-graph\">{\"@context\":\"https:\\\/\\\/schema.org\",\"@graph\":[{\"@type\":\"WebPage\",\"@id\":\"https:\\\/\\\/elytmoveisdeaco.com.br\\\/produto\\\/gondola-de-centro-inicial-170x090x030-40-com-5-bandejas\\\/\",\"url\":\"https:\\\/\\\/elytmoveisdeaco.com.br\\\/produto\\\/gondola-de-centro-inicial-170x090x030-40-com-5-bandejas\\\/\",\"name\":\"G\u00d4NDOLA DE CENTRO INICIAL - 1,70x0,90x0,30\\\/40 COM 5 BANDEJAS - Elyt Moveis\",\"isPartOf\":{\"@id\":\"https:\\\/\\\/elytmoveisdeaco.com.br\\\/#website\"},\"primaryImageOfPage\":{\"@id\":\"https:\\\/\\\/elytmoveisdeaco.com.br\\\/produto\\\/gondola-de-centro-inicial-170x090x030-40-com-5-bandejas\\\/#primaryimage\"},\"image\":{\"@id\":\"https:\\\/\\\/elytmoveisdeaco.com.br\\\/produto\\\/gondola-de-centro-inicial-170x090x030-40-com-5-bandejas\\\/#primaryimage\"},\"thumbnailUrl\":\"https:\\\/\\\/elytmoveisdeaco.com.br\\\/wp-content\\\/uploads\\\/2024\\\/11\\\/GONDOLA-DE-CENTRO-INICIAL-170x090x03040-COM-5-BANDEJAS.jpeg\",\"datePublished\":\"2024-11-01T19:35:37+00:00\",\"dateModified\":\"2025-01-14T19:05:45+00:00\",\"breadcrumb\":{\"@id\":\"https:\\\/\\\/elytmoveisdeaco.com.br\\\/produto\\\/gondola-de-centro-inicial-170x090x030-40-com-5-bandejas\\\/#breadcrumb\"},\"inLanguage\":\"en-US\",\"potentialAction\":[{\"@type\":\"ReadAction\",\"target\":[\"https:\\\/\\\/elytmoveisdeaco.com.br\\\/produto\\\/gondola-de-centro-inicial-170x090x030-40-com-5-bandejas\\\/\"]}]},{\"@type\":\"ImageObject\",\"inLanguage\":\"en-US\",\"@id\":\"https:\\\/\\\/elytmoveisdeaco.com.br\\\/produto\\\/gondola-de-centro-inicial-170x090x030-40-com-5-bandejas\\\/#primaryimage\",\"url\":\"https:\\\/\\\/elytmoveisdeaco.com.br\\\/wp-content\\\/uploads\\\/2024\\\/11\\\/GONDOLA-DE-CENTRO-INICIAL-170x090x03040-COM-5-BANDEJAS.jpeg\",\"contentUrl\":\"https:\\\/\\\/elytmoveisdeaco.com.br\\\/wp-content\\\/uploads\\\/2024\\\/11\\\/GONDOLA-DE-CENTRO-INICIAL-170x090x03040-COM-5-BANDEJAS.jpeg\",\"width\":440,\"height\":586,\"caption\":\"G\u00d4NDOLA DE CENTRO INICIAL - 1,70x0,90x0,3040 COM 5 BANDEJAS\"},{\"@type\":\"BreadcrumbList\",\"@id\":\"https:\\\/\\\/elytmoveisdeaco.com.br\\\/produto\\\/gondola-de-centro-inicial-170x090x030-40-com-5-bandejas\\\/#breadcrumb\",\"itemListElement\":[{\"@type\":\"ListItem\",\"position\":1,\"name\":\"In\u00edcio\",\"item\":\"https:\\\/\\\/elytmoveisdeaco.com.br\\\/\"},{\"@type\":\"ListItem\",\"position\":2,\"name\":\"Loja\",\"item\":\"https:\\\/\\\/elytmoveisdeaco.com.br\\\/loja\\\/\"},{\"@type\":\"ListItem\",\"position\":3,\"name\":\"G\u00d4NDOLA DE CENTRO INICIAL &#8211; 1,70&#215;0,90&#215;0,30\\\/40 COM 5 BANDEJAS\"}]},{\"@type\":\"WebSite\",\"@id\":\"https:\\\/\\\/elytmoveisdeaco.com.br\\\/#website\",\"url\":\"https:\\\/\\\/elytmoveisdeaco.com.br\\\/\",\"name\":\"Elyt Moveis\",\"description\":\"As Melhores Estantes para seu o Estoque\",\"publisher\":{\"@id\":\"https:\\\/\\\/elytmoveisdeaco.com.br\\\/#organization\"},\"potentialAction\":[{\"@type\":\"SearchAction\",\"target\":{\"@type\":\"EntryPoint\",\"urlTemplate\":\"https:\\\/\\\/elytmoveisdeaco.com.br\\\/?s={search_term_string}\"},\"query-input\":{\"@type\":\"PropertyValueSpecification\",\"valueRequired\":true,\"valueName\":\"search_term_string\"}}],\"inLanguage\":\"en-US\"},{\"@type\":\"Organization\",\"@id\":\"https:\\\/\\\/elytmoveisdeaco.com.br\\\/#organization\",\"name\":\"Elyt Moveis\",\"url\":\"https:\\\/\\\/elytmoveisdeaco.com.br\\\/\",\"logo\":{\"@type\":\"ImageObject\",\"inLanguage\":\"en-US\",\"@id\":\"https:\\\/\\\/elytmoveisdeaco.com.br\\\/#\\\/schema\\\/logo\\\/image\\\/\",\"url\":\"https:\\\/\\\/elytmoveisdeaco.com.br\\\/wp-content\\\/uploads\\\/2023\\\/12\\\/cropped-1663352060-9964807-17700-0b519f2c1866bd5148dfb7a4f0ac51ac.webp\",\"contentUrl\":\"https:\\\/\\\/elytmoveisdeaco.com.br\\\/wp-content\\\/uploads\\\/2023\\\/12\\\/cropped-1663352060-9964807-17700-0b519f2c1866bd5148dfb7a4f0ac51ac.webp\",\"width\":131,\"height\":86,\"caption\":\"Elyt Moveis\"},\"image\":{\"@id\":\"https:\\\/\\\/elytmoveisdeaco.com.br\\\/#\\\/schema\\\/logo\\\/image\\\/\"}}]}<\/script>\n<!-- \/ Yoast SEO plugin. -->","yoast_head_json":{"title":"G\u00d4NDOLA DE CENTRO INICIAL - 1,70x0,90x0,30\/40 COM 5 BANDEJAS - Elyt Moveis","robots":{"index":"index","follow":"follow","max-snippet":"max-snippet:-1","max-image-preview":"max-image-preview:large","max-video-preview":"max-video-preview:-1"},"canonical":"https:\/\/elytmoveisdeaco.com.br\/en\/product\/gondola-de-centro-inicial-170x090x030-40-com-5-bandejas\/","og_locale":"en_US","og_type":"article","og_title":"G\u00d4NDOLA DE CENTRO INICIAL - 1,70x0,90x0,30\/40 COM 5 BANDEJAS - Elyt Moveis","og_description":"Valor a prazo : R$ 1.135,00 (cada) -&gt; Cart\u00e3o de cr\u00e9dito Valor \u00e0 vista: R$ 1.050,00 (cada) -&gt; Dinheiro\u00a0\/\u00a0Transfer\u00eancia","og_url":"https:\/\/elytmoveisdeaco.com.br\/en\/product\/gondola-de-centro-inicial-170x090x030-40-com-5-bandejas\/","og_site_name":"Elyt Moveis","article_modified_time":"2025-01-14T19:05:45+00:00","og_image":[{"width":440,"height":586,"url":"https:\/\/elytmoveisdeaco.com.br\/wp-content\/uploads\/2024\/11\/GONDOLA-DE-CENTRO-INICIAL-170x090x03040-COM-5-BANDEJAS.jpeg","type":"image\/jpeg"}],"twitter_card":"summary_large_image","twitter_misc":{"Est. reading time":"1 minute"},"schema":{"@context":"https:\/\/schema.org","@graph":[{"@type":"WebPage","@id":"https:\/\/elytmoveisdeaco.com.br\/produto\/gondola-de-centro-inicial-170x090x030-40-com-5-bandejas\/","url":"https:\/\/elytmoveisdeaco.com.br\/produto\/gondola-de-centro-inicial-170x090x030-40-com-5-bandejas\/","name":"G\u00d4NDOLA DE CENTRO INICIAL - 1,70x0,90x0,30\/40 COM 5 BANDEJAS - Elyt Moveis","isPartOf":{"@id":"https:\/\/elytmoveisdeaco.com.br\/#website"},"primaryImageOfPage":{"@id":"https:\/\/elytmoveisdeaco.com.br\/produto\/gondola-de-centro-inicial-170x090x030-40-com-5-bandejas\/#primaryimage"},"image":{"@id":"https:\/\/elytmoveisdeaco.com.br\/produto\/gondola-de-centro-inicial-170x090x030-40-com-5-bandejas\/#primaryimage"},"thumbnailUrl":"https:\/\/elytmoveisdeaco.com.br\/wp-content\/uploads\/2024\/11\/GONDOLA-DE-CENTRO-INICIAL-170x090x03040-COM-5-BANDEJAS.jpeg","datePublished":"2024-11-01T19:35:37+00:00","dateModified":"2025-01-14T19:05:45+00:00","breadcrumb":{"@id":"https:\/\/elytmoveisdeaco.com.br\/produto\/gondola-de-centro-inicial-170x090x030-40-com-5-bandejas\/#breadcrumb"},"inLanguage":"en-US","potentialAction":[{"@type":"ReadAction","target":["https:\/\/elytmoveisdeaco.com.br\/produto\/gondola-de-centro-inicial-170x090x030-40-com-5-bandejas\/"]}]},{"@type":"ImageObject","inLanguage":"en-US","@id":"https:\/\/elytmoveisdeaco.com.br\/produto\/gondola-de-centro-inicial-170x090x030-40-com-5-bandejas\/#primaryimage","url":"https:\/\/elytmoveisdeaco.com.br\/wp-content\/uploads\/2024\/11\/GONDOLA-DE-CENTRO-INICIAL-170x090x03040-COM-5-BANDEJAS.jpeg","contentUrl":"https:\/\/elytmoveisdeaco.com.br\/wp-content\/uploads\/2024\/11\/GONDOLA-DE-CENTRO-INICIAL-170x090x03040-COM-5-BANDEJAS.jpeg","width":440,"height":586,"caption":"G\u00d4NDOLA DE CENTRO INICIAL - 1,70x0,90x0,3040 COM 5 BANDEJAS"},{"@type":"BreadcrumbList","@id":"https:\/\/elytmoveisdeaco.com.br\/produto\/gondola-de-centro-inicial-170x090x030-40-com-5-bandejas\/#breadcrumb","itemListElement":[{"@type":"ListItem","position":1,"name":"In\u00edcio","item":"https:\/\/elytmoveisdeaco.com.br\/"},{"@type":"ListItem","position":2,"name":"Loja","item":"https:\/\/elytmoveisdeaco.com.br\/loja\/"},{"@type":"ListItem","position":3,"name":"G\u00d4NDOLA DE CENTRO INICIAL &#8211; 1,70&#215;0,90&#215;0,30\/40 COM 5 BANDEJAS"}]},{"@type":"WebSite","@id":"https:\/\/elytmoveisdeaco.com.br\/#website","url":"https:\/\/elytmoveisdeaco.com.br\/","name":"Elyt Moveis","description":"As Melhores Estantes para seu o Estoque","publisher":{"@id":"https:\/\/elytmoveisdeaco.com.br\/#organization"},"potentialAction":[{"@type":"SearchAction","target":{"@type":"EntryPoint","urlTemplate":"https:\/\/elytmoveisdeaco.com.br\/?s={search_term_string}"},"query-input":{"@type":"PropertyValueSpecification","valueRequired":true,"valueName":"search_term_string"}}],"inLanguage":"en-US"},{"@type":"Organization","@id":"https:\/\/elytmoveisdeaco.com.br\/#organization","name":"Elyt Moveis","url":"https:\/\/elytmoveisdeaco.com.br\/","logo":{"@type":"ImageObject","inLanguage":"en-US","@id":"https:\/\/elytmoveisdeaco.com.br\/#\/schema\/logo\/image\/","url":"https:\/\/elytmoveisdeaco.com.br\/wp-content\/uploads\/2023\/12\/cropped-1663352060-9964807-17700-0b519f2c1866bd5148dfb7a4f0ac51ac.webp","contentUrl":"https:\/\/elytmoveisdeaco.com.br\/wp-content\/uploads\/2023\/12\/cropped-1663352060-9964807-17700-0b519f2c1866bd5148dfb7a4f0ac51ac.webp","width":131,"height":86,"caption":"Elyt Moveis"},"image":{"@id":"https:\/\/elytmoveisdeaco.com.br\/#\/schema\/logo\/image\/"}}]}},"_links":{"self":[{"href":"https:\/\/elytmoveisdeaco.com.br\/en\/wp-json\/wp\/v2\/product\/2532","targetHints":{"allow":["GET"]}}],"collection":[{"href":"https:\/\/elytmoveisdeaco.com.br\/en\/wp-json\/wp\/v2\/product"}],"about":[{"href":"https:\/\/elytmoveisdeaco.com.br\/en\/wp-json\/wp\/v2\/types\/product"}],"wp:featuredmedia":[{"embeddable":true,"href":"https:\/\/elytmoveisdeaco.com.br\/en\/wp-json\/wp\/v2\/media\/2533"}],"wp:attachment":[{"href":"https:\/\/elytmoveisdeaco.com.br\/en\/wp-json\/wp\/v2\/media?parent=2532"}],"wp:term":[{"taxonomy":"product_brand","embeddable":true,"href":"https:\/\/elytmoveisdeaco.com.br\/en\/wp-json\/wp\/v2\/product_brand?post=2532"},{"taxonomy":"product_cat","embeddable":true,"href":"https:\/\/elytmoveisdeaco.com.br\/en\/wp-json\/wp\/v2\/product_cat?post=2532"},{"taxonomy":"product_tag","embeddable":true,"href":"https:\/\/elytmoveisdeaco.com.br\/en\/wp-json\/wp\/v2\/product_tag?post=2532"}],"curies":[{"name":"wp","href":"https:\/\/api.w.org\/{rel}","templated":true}]}}