{"id":3415,"date":"2025-11-28T12:59:18","date_gmt":"2025-11-28T15:59:18","guid":{"rendered":"https:\/\/elytmoveisdeaco.com.br\/?post_type=product&#038;p=3415"},"modified":"2026-01-20T16:43:51","modified_gmt":"2026-01-20T19:43:51","slug":"cadeira-tenesse","status":"publish","type":"product","link":"https:\/\/elytmoveisdeaco.com.br\/en\/product\/cadeira-tenesse\/","title":{"rendered":"CADEIRA TENESSE"},"content":{"rendered":"<p data-path-to-node=\"5\">A <b>CADEIRA TENESSE<\/b> \u00e9 a solu\u00e7\u00e3o ideal para ambientes corporativos que exigem alta performance e conforto duradouro. Projetada para oferecer suporte total durante longas jornadas de trabalho, ela combina um design moderno com materiais de alta qualidade. O destaque fica por conta do assento em <b>espuma injetada<\/b>, que garante maior densidade e resist\u00eancia contra deforma\u00e7\u00f5es, e do encosto em tela mesh, que proporciona respirabilidade e conforto t\u00e9rmico. A estrutura \u00e9 robusta, contando com uma <b>base pir\u00e2mide em nylon preta<\/b> (importado) de alta resist\u00eancia e um pist\u00e3o a g\u00e1s de 120mm com rebaixo, permitindo que a cadeira suporte at\u00e9 <b>120kg<\/b> com seguran\u00e7a. Os rod\u00edzios em P.U s\u00e3o ideais para deslizar suavemente sem danificar o piso. Ergonomicamente completa, a <b>CADEIRA TENESSE<\/b> disp\u00f5e de um <b>mecanismo sincronizado<\/b>, permitindo a inclina\u00e7\u00e3o e o travamento em posi\u00e7\u00f5es confort\u00e1veis. Os ajustes s\u00e3o amplos: apoio de cabe\u00e7a com regulagem de altura e angula\u00e7\u00e3o, apoio lombar com ajuste de altura e bra\u00e7os tamb\u00e9m com regulagem de altura. Tudo isso para garantir a postura correta e o bem-estar do usu\u00e1rio.<\/p>\n<p data-path-to-node=\"6\"><strong>Caracter\u00edsticas:<\/strong><\/p>\n<p data-path-to-node=\"7\">\u2013 Rod\u00edzio: Em P.U (poliuretano)<\/p>\n<p data-path-to-node=\"8\">\u2013 Base: Pir\u00e2mide em nylon preta (importado)<\/p>\n<p data-path-to-node=\"9\">\u2013 Pist\u00e3o: 120mm com rebaixo<\/p>\n<p data-path-to-node=\"10\">\u2013 Assento: Espuma injetada de alta densidade<\/p>\n<p data-path-to-node=\"11\">\u2013 Encosto: Tela mesh respir\u00e1vel<\/p>\n<p data-path-to-node=\"12\">\u2013 Mecanismo: Sincronizado<\/p>\n<p data-path-to-node=\"13\">\u2013 Apoio de cabe\u00e7a: Com regulagem de altura e angula\u00e7\u00e3o<\/p>\n<p data-path-to-node=\"14\">\u2013 Apoio lombar: Com ajuste de altura<\/p>\n<p data-path-to-node=\"15\">\u2013 Bra\u00e7os: Com regulagem de altura<\/p>\n<p data-path-to-node=\"16\">\u2013 Capacidade: Suporta 120kg<\/p>","protected":false},"excerpt":{"rendered":"<p><strong>Valor a prazo:<\/strong> R$ 778,00 (cada) -&gt; Cart\u00e3o de cr\u00e9dito<br \/><strong>Valor \u00e0 vista:<\/strong> R$ 720,00 (cada) -&gt; Dinheiro \/ Transfer\u00eancia<\/p>","protected":false},"featured_media":3416,"template":"","meta":{"site-sidebar-layout":"default","site-content-layout":"","ast-site-content-layout":"default","site-content-style":"default","site-sidebar-style":"default","ast-global-header-display":"","ast-banner-title-visibility":"","ast-main-header-display":"","ast-hfb-above-header-display":"","ast-hfb-below-header-display":"","ast-hfb-mobile-header-display":"","site-post-title":"","ast-breadcrumbs-content":"","ast-featured-img":"","footer-sml-layout":"","ast-disable-related-posts":"","theme-transparent-header-meta":"default","adv-header-id-meta":"","stick-header-meta":"","header-above-stick-meta":"","header-main-stick-meta":"","header-below-stick-meta":"","astra-migrate-meta-layouts":"set","ast-page-background-enabled":"default","ast-page-background-meta":{"desktop":{"background-color":"var(--ast-global-color-4)","background-image":"","background-repeat":"repeat","background-position":"center center","background-size":"auto","background-attachment":"scroll","background-type":"","background-media":"","overlay-type":"","overlay-color":"","overlay-opacity":"","overlay-gradient":""},"tablet":{"background-color":"","background-image":"","background-repeat":"repeat","background-position":"center center","background-size":"auto","background-attachment":"scroll","background-type":"","background-media":"","overlay-type":"","overlay-color":"","overlay-opacity":"","overlay-gradient":""},"mobile":{"background-color":"","background-image":"","background-repeat":"repeat","background-position":"center center","background-size":"auto","background-attachment":"scroll","background-type":"","background-media":"","overlay-type":"","overlay-color":"","overlay-opacity":"","overlay-gradient":""}},"ast-content-background-meta":{"desktop":{"background-color":"var(--ast-global-color-5)","background-image":"","background-repeat":"repeat","background-position":"center center","background-size":"auto","background-attachment":"scroll","background-type":"","background-media":"","overlay-type":"","overlay-color":"","overlay-opacity":"","overlay-gradient":""},"tablet":{"background-color":"var(--ast-global-color-5)","background-image":"","background-repeat":"repeat","background-position":"center center","background-size":"auto","background-attachment":"scroll","background-type":"","background-media":"","overlay-type":"","overlay-color":"","overlay-opacity":"","overlay-gradient":""},"mobile":{"background-color":"var(--ast-global-color-5)","background-image":"","background-repeat":"repeat","background-position":"center center","background-size":"auto","background-attachment":"scroll","background-type":"","background-media":"","overlay-type":"","overlay-color":"","overlay-opacity":"","overlay-gradient":""}}},"product_brand":[],"product_cat":[101,105],"product_tag":[],"class_list":{"0":"post-3415","1":"product","2":"type-product","3":"status-publish","4":"has-post-thumbnail","6":"product_cat-cadeira-ergonomica","7":"product_cat-cadeiras","8":"desktop-align-left","9":"tablet-align-left","10":"mobile-align-left","12":"first","13":"instock","14":"shipping-taxable","15":"purchasable","16":"product-type-simple"},"yoast_head":"<!-- This site is optimized with the Yoast SEO plugin v27.4 - https:\/\/yoast.com\/product\/yoast-seo-wordpress\/ -->\n<title>CADEIRA TENESSE - Elyt Moveis<\/title>\n<meta name=\"description\" content=\"CADEIRA TENESSE. Assento em espuma injetada e base nylon. Mecanismo sincronizado e tela mesh. Conforto e durabilidade para uso intenso.\" \/>\n<meta name=\"robots\" content=\"index, follow, max-snippet:-1, max-image-preview:large, max-video-preview:-1\" \/>\n<link rel=\"canonical\" href=\"https:\/\/elytmoveisdeaco.com.br\/en\/product\/cadeira-tenesse\/\" \/>\n<meta property=\"og:locale\" content=\"en_US\" \/>\n<meta property=\"og:type\" content=\"article\" \/>\n<meta property=\"og:title\" content=\"CADEIRA TENESSE - Elyt Moveis\" \/>\n<meta property=\"og:description\" content=\"CADEIRA TENESSE. Assento em espuma injetada e base nylon. Mecanismo sincronizado e tela mesh. Conforto e durabilidade para uso intenso.\" \/>\n<meta property=\"og:url\" content=\"https:\/\/elytmoveisdeaco.com.br\/en\/product\/cadeira-tenesse\/\" \/>\n<meta property=\"og:site_name\" content=\"Elyt Moveis\" \/>\n<meta property=\"article:modified_time\" content=\"2026-01-20T19:43:51+00:00\" \/>\n<meta property=\"og:image\" content=\"https:\/\/elytmoveisdeaco.com.br\/wp-content\/uploads\/2025\/11\/5-1.png\" \/>\n\t<meta property=\"og:image:width\" content=\"512\" \/>\n\t<meta property=\"og:image:height\" content=\"512\" \/>\n\t<meta property=\"og:image:type\" content=\"image\/png\" \/>\n<meta name=\"twitter:card\" content=\"summary_large_image\" \/>\n<meta name=\"twitter:label1\" content=\"Est. reading time\" \/>\n\t<meta name=\"twitter:data1\" content=\"2 minutes\" \/>\n<script type=\"application\/ld+json\" class=\"yoast-schema-graph\">{\"@context\":\"https:\\\/\\\/schema.org\",\"@graph\":[{\"@type\":\"WebPage\",\"@id\":\"https:\\\/\\\/elytmoveisdeaco.com.br\\\/produto\\\/cadeira-tenesse\\\/\",\"url\":\"https:\\\/\\\/elytmoveisdeaco.com.br\\\/produto\\\/cadeira-tenesse\\\/\",\"name\":\"CADEIRA TENESSE - Elyt Moveis\",\"isPartOf\":{\"@id\":\"https:\\\/\\\/elytmoveisdeaco.com.br\\\/#website\"},\"primaryImageOfPage\":{\"@id\":\"https:\\\/\\\/elytmoveisdeaco.com.br\\\/produto\\\/cadeira-tenesse\\\/#primaryimage\"},\"image\":{\"@id\":\"https:\\\/\\\/elytmoveisdeaco.com.br\\\/produto\\\/cadeira-tenesse\\\/#primaryimage\"},\"thumbnailUrl\":\"https:\\\/\\\/elytmoveisdeaco.com.br\\\/wp-content\\\/uploads\\\/2025\\\/11\\\/5-1.png\",\"datePublished\":\"2025-11-28T15:59:18+00:00\",\"dateModified\":\"2026-01-20T19:43:51+00:00\",\"description\":\"CADEIRA TENESSE. Assento em espuma injetada e base nylon. Mecanismo sincronizado e tela mesh. Conforto e durabilidade para uso intenso.\",\"breadcrumb\":{\"@id\":\"https:\\\/\\\/elytmoveisdeaco.com.br\\\/produto\\\/cadeira-tenesse\\\/#breadcrumb\"},\"inLanguage\":\"en-US\",\"potentialAction\":[{\"@type\":\"ReadAction\",\"target\":[\"https:\\\/\\\/elytmoveisdeaco.com.br\\\/produto\\\/cadeira-tenesse\\\/\"]}]},{\"@type\":\"ImageObject\",\"inLanguage\":\"en-US\",\"@id\":\"https:\\\/\\\/elytmoveisdeaco.com.br\\\/produto\\\/cadeira-tenesse\\\/#primaryimage\",\"url\":\"https:\\\/\\\/elytmoveisdeaco.com.br\\\/wp-content\\\/uploads\\\/2025\\\/11\\\/5-1.png\",\"contentUrl\":\"https:\\\/\\\/elytmoveisdeaco.com.br\\\/wp-content\\\/uploads\\\/2025\\\/11\\\/5-1.png\",\"width\":512,\"height\":512},{\"@type\":\"BreadcrumbList\",\"@id\":\"https:\\\/\\\/elytmoveisdeaco.com.br\\\/produto\\\/cadeira-tenesse\\\/#breadcrumb\",\"itemListElement\":[{\"@type\":\"ListItem\",\"position\":1,\"name\":\"In\u00edcio\",\"item\":\"https:\\\/\\\/elytmoveisdeaco.com.br\\\/\"},{\"@type\":\"ListItem\",\"position\":2,\"name\":\"Loja\",\"item\":\"https:\\\/\\\/elytmoveisdeaco.com.br\\\/loja\\\/\"},{\"@type\":\"ListItem\",\"position\":3,\"name\":\"CADEIRA TENESSE\"}]},{\"@type\":\"WebSite\",\"@id\":\"https:\\\/\\\/elytmoveisdeaco.com.br\\\/#website\",\"url\":\"https:\\\/\\\/elytmoveisdeaco.com.br\\\/\",\"name\":\"Elyt Moveis\",\"description\":\"As Melhores Estantes para seu o Estoque\",\"publisher\":{\"@id\":\"https:\\\/\\\/elytmoveisdeaco.com.br\\\/#organization\"},\"potentialAction\":[{\"@type\":\"SearchAction\",\"target\":{\"@type\":\"EntryPoint\",\"urlTemplate\":\"https:\\\/\\\/elytmoveisdeaco.com.br\\\/?s={search_term_string}\"},\"query-input\":{\"@type\":\"PropertyValueSpecification\",\"valueRequired\":true,\"valueName\":\"search_term_string\"}}],\"inLanguage\":\"en-US\"},{\"@type\":\"Organization\",\"@id\":\"https:\\\/\\\/elytmoveisdeaco.com.br\\\/#organization\",\"name\":\"Elyt Moveis\",\"url\":\"https:\\\/\\\/elytmoveisdeaco.com.br\\\/\",\"logo\":{\"@type\":\"ImageObject\",\"inLanguage\":\"en-US\",\"@id\":\"https:\\\/\\\/elytmoveisdeaco.com.br\\\/#\\\/schema\\\/logo\\\/image\\\/\",\"url\":\"https:\\\/\\\/elytmoveisdeaco.com.br\\\/wp-content\\\/uploads\\\/2023\\\/12\\\/cropped-1663352060-9964807-17700-0b519f2c1866bd5148dfb7a4f0ac51ac.webp\",\"contentUrl\":\"https:\\\/\\\/elytmoveisdeaco.com.br\\\/wp-content\\\/uploads\\\/2023\\\/12\\\/cropped-1663352060-9964807-17700-0b519f2c1866bd5148dfb7a4f0ac51ac.webp\",\"width\":131,\"height\":86,\"caption\":\"Elyt Moveis\"},\"image\":{\"@id\":\"https:\\\/\\\/elytmoveisdeaco.com.br\\\/#\\\/schema\\\/logo\\\/image\\\/\"}}]}<\/script>\n<!-- \/ Yoast SEO plugin. -->","yoast_head_json":{"title":"CADEIRA TENESSE - Elyt Moveis","description":"CADEIRA TENESSE. Assento em espuma injetada e base nylon. Mecanismo sincronizado e tela mesh. Conforto e durabilidade para uso intenso.","robots":{"index":"index","follow":"follow","max-snippet":"max-snippet:-1","max-image-preview":"max-image-preview:large","max-video-preview":"max-video-preview:-1"},"canonical":"https:\/\/elytmoveisdeaco.com.br\/en\/product\/cadeira-tenesse\/","og_locale":"en_US","og_type":"article","og_title":"CADEIRA TENESSE - Elyt Moveis","og_description":"CADEIRA TENESSE. Assento em espuma injetada e base nylon. Mecanismo sincronizado e tela mesh. Conforto e durabilidade para uso intenso.","og_url":"https:\/\/elytmoveisdeaco.com.br\/en\/product\/cadeira-tenesse\/","og_site_name":"Elyt Moveis","article_modified_time":"2026-01-20T19:43:51+00:00","og_image":[{"width":512,"height":512,"url":"https:\/\/elytmoveisdeaco.com.br\/wp-content\/uploads\/2025\/11\/5-1.png","type":"image\/png"}],"twitter_card":"summary_large_image","twitter_misc":{"Est. reading time":"2 minutes"},"schema":{"@context":"https:\/\/schema.org","@graph":[{"@type":"WebPage","@id":"https:\/\/elytmoveisdeaco.com.br\/produto\/cadeira-tenesse\/","url":"https:\/\/elytmoveisdeaco.com.br\/produto\/cadeira-tenesse\/","name":"CADEIRA TENESSE - Elyt Moveis","isPartOf":{"@id":"https:\/\/elytmoveisdeaco.com.br\/#website"},"primaryImageOfPage":{"@id":"https:\/\/elytmoveisdeaco.com.br\/produto\/cadeira-tenesse\/#primaryimage"},"image":{"@id":"https:\/\/elytmoveisdeaco.com.br\/produto\/cadeira-tenesse\/#primaryimage"},"thumbnailUrl":"https:\/\/elytmoveisdeaco.com.br\/wp-content\/uploads\/2025\/11\/5-1.png","datePublished":"2025-11-28T15:59:18+00:00","dateModified":"2026-01-20T19:43:51+00:00","description":"CADEIRA TENESSE. Assento em espuma injetada e base nylon. Mecanismo sincronizado e tela mesh. Conforto e durabilidade para uso intenso.","breadcrumb":{"@id":"https:\/\/elytmoveisdeaco.com.br\/produto\/cadeira-tenesse\/#breadcrumb"},"inLanguage":"en-US","potentialAction":[{"@type":"ReadAction","target":["https:\/\/elytmoveisdeaco.com.br\/produto\/cadeira-tenesse\/"]}]},{"@type":"ImageObject","inLanguage":"en-US","@id":"https:\/\/elytmoveisdeaco.com.br\/produto\/cadeira-tenesse\/#primaryimage","url":"https:\/\/elytmoveisdeaco.com.br\/wp-content\/uploads\/2025\/11\/5-1.png","contentUrl":"https:\/\/elytmoveisdeaco.com.br\/wp-content\/uploads\/2025\/11\/5-1.png","width":512,"height":512},{"@type":"BreadcrumbList","@id":"https:\/\/elytmoveisdeaco.com.br\/produto\/cadeira-tenesse\/#breadcrumb","itemListElement":[{"@type":"ListItem","position":1,"name":"In\u00edcio","item":"https:\/\/elytmoveisdeaco.com.br\/"},{"@type":"ListItem","position":2,"name":"Loja","item":"https:\/\/elytmoveisdeaco.com.br\/loja\/"},{"@type":"ListItem","position":3,"name":"CADEIRA TENESSE"}]},{"@type":"WebSite","@id":"https:\/\/elytmoveisdeaco.com.br\/#website","url":"https:\/\/elytmoveisdeaco.com.br\/","name":"Elyt Moveis","description":"As Melhores Estantes para seu o Estoque","publisher":{"@id":"https:\/\/elytmoveisdeaco.com.br\/#organization"},"potentialAction":[{"@type":"SearchAction","target":{"@type":"EntryPoint","urlTemplate":"https:\/\/elytmoveisdeaco.com.br\/?s={search_term_string}"},"query-input":{"@type":"PropertyValueSpecification","valueRequired":true,"valueName":"search_term_string"}}],"inLanguage":"en-US"},{"@type":"Organization","@id":"https:\/\/elytmoveisdeaco.com.br\/#organization","name":"Elyt Moveis","url":"https:\/\/elytmoveisdeaco.com.br\/","logo":{"@type":"ImageObject","inLanguage":"en-US","@id":"https:\/\/elytmoveisdeaco.com.br\/#\/schema\/logo\/image\/","url":"https:\/\/elytmoveisdeaco.com.br\/wp-content\/uploads\/2023\/12\/cropped-1663352060-9964807-17700-0b519f2c1866bd5148dfb7a4f0ac51ac.webp","contentUrl":"https:\/\/elytmoveisdeaco.com.br\/wp-content\/uploads\/2023\/12\/cropped-1663352060-9964807-17700-0b519f2c1866bd5148dfb7a4f0ac51ac.webp","width":131,"height":86,"caption":"Elyt Moveis"},"image":{"@id":"https:\/\/elytmoveisdeaco.com.br\/#\/schema\/logo\/image\/"}}]}},"_links":{"self":[{"href":"https:\/\/elytmoveisdeaco.com.br\/en\/wp-json\/wp\/v2\/product\/3415","targetHints":{"allow":["GET"]}}],"collection":[{"href":"https:\/\/elytmoveisdeaco.com.br\/en\/wp-json\/wp\/v2\/product"}],"about":[{"href":"https:\/\/elytmoveisdeaco.com.br\/en\/wp-json\/wp\/v2\/types\/product"}],"wp:featuredmedia":[{"embeddable":true,"href":"https:\/\/elytmoveisdeaco.com.br\/en\/wp-json\/wp\/v2\/media\/3416"}],"wp:attachment":[{"href":"https:\/\/elytmoveisdeaco.com.br\/en\/wp-json\/wp\/v2\/media?parent=3415"}],"wp:term":[{"taxonomy":"product_brand","embeddable":true,"href":"https:\/\/elytmoveisdeaco.com.br\/en\/wp-json\/wp\/v2\/product_brand?post=3415"},{"taxonomy":"product_cat","embeddable":true,"href":"https:\/\/elytmoveisdeaco.com.br\/en\/wp-json\/wp\/v2\/product_cat?post=3415"},{"taxonomy":"product_tag","embeddable":true,"href":"https:\/\/elytmoveisdeaco.com.br\/en\/wp-json\/wp\/v2\/product_tag?post=3415"}],"curies":[{"name":"wp","href":"https:\/\/api.w.org\/{rel}","templated":true}]}}