{"id":3428,"date":"2025-11-28T13:26:10","date_gmt":"2025-11-28T16:26:10","guid":{"rendered":"https:\/\/elytmoveisdeaco.com.br\/?post_type=product&#038;p=3428"},"modified":"2026-01-20T16:43:45","modified_gmt":"2026-01-20T19:43:45","slug":"cadeira-dublin","status":"publish","type":"product","link":"https:\/\/elytmoveisdeaco.com.br\/en\/product\/cadeira-dublin\/","title":{"rendered":"CADEIRA DUBLIN"},"content":{"rendered":"<p data-path-to-node=\"4\">A <b>CADEIRA DUBLIN<\/b> \u00e9 sin\u00f4nimo de tecnologia ergon\u00f4mica aplicada ao conforto di\u00e1rio. Ideal para quem passa longas horas sentado, este modelo oferece recursos avan\u00e7ados que se adaptam perfeitamente \u00e0 biometria do usu\u00e1rio. Seu grande diferencial \u00e9 a <b>regulagem de profundidade do assento<\/b> (sistema slider), permitindo o ajuste preciso para diferentes estaturas, garantindo a circula\u00e7\u00e3o sangu\u00ednea adequada nas pernas. Constru\u00edda para durar, a estrutura conta com uma <b>base pir\u00e2mide em nylon preta<\/b> importada e pist\u00e3o a g\u00e1s de 120mm com rebaixo, conferindo resist\u00eancia para que a cadeira suporte at\u00e9 <b>120kg<\/b>. O assento em <b>espuma injetada<\/b> oferece densidade superior e n\u00e3o deforma com o tempo, enquanto o encosto em tela mesh assegura a ventila\u00e7\u00e3o necess\u00e1ria. Os rod\u00edzios em P.U protegem o piso e garantem mobilidade silenciosa. A <b>CADEIRA DUBLIN<\/b> tamb\u00e9m brilha em suas funcionalidades de ajuste: possui um <b>mecanismo exc\u00eantrico<\/b> que permite o travamento do reclino em 3 posi\u00e7\u00f5es ergonomicamente pr\u00e9-definidas. Al\u00e9m disso, conta com apoio de cabe\u00e7a (ajuste de altura e angula\u00e7\u00e3o), apoio lombar com ajuste de altura e bra\u00e7os com regulagem de altura, oferecendo suporte completo para a coluna e membros superiores.<\/p>\n<p data-path-to-node=\"5\">Caracter\u00edsticas:<\/p>\n<p data-path-to-node=\"6\">\u2013 Rod\u00edzio: Em P.U (poliuretano)<\/p>\n<p data-path-to-node=\"7\">\u2013 Base: Pir\u00e2mide em nylon preta (importado)<\/p>\n<p data-path-to-node=\"8\">\u2013 Pist\u00e3o: 120mm com rebaixo<\/p>\n<p data-path-to-node=\"9\">\u2013 Assento: Espuma injetada com <b>regulagem de profundidade<\/b><\/p>\n<p data-path-to-node=\"10\">\u2013 Encosto: Tela mesh respir\u00e1vel<\/p>\n<p data-path-to-node=\"11\">\u2013 Mecanismo: Exc\u00eantrico (travamento em 3 posi\u00e7\u00f5es)<\/p>\n<p data-path-to-node=\"12\">\u2013 Apoio de cabe\u00e7a: Com regulagem de altura e angula\u00e7\u00e3o<\/p>\n<p data-path-to-node=\"13\">\u2013 Apoio lombar: Com ajuste de altura<\/p>\n<p data-path-to-node=\"14\">\u2013 Bra\u00e7os: Com regulagem de altura<\/p>\n<p data-path-to-node=\"15\">\u2013 Capacidade: Suporta 120kg<\/p>\n<p data-path-to-node=\"16\">Dimens\u00f5es:<\/p>\n<p data-path-to-node=\"17\">\u2013 Profundidade do Assento: 53 cm<\/p>\n<p data-path-to-node=\"18\">\u2013 Largura do Assento: 53 cm<\/p>\n<p data-path-to-node=\"19\">\u2013 Largura do Encosto: 46cm<\/p>\n<p data-path-to-node=\"20\">\u2013 Largura dos Bra\u00e7os: 65cm<\/p>\n<p data-path-to-node=\"21\">\u2013 Altura do Ch\u00e3o at\u00e9 o Assento: 48-58cm<\/p>\n<p data-path-to-node=\"22\">\u2013 Altura do Ch\u00e3o at\u00e9 o Bra\u00e7o: 63-74cm<\/p>\n<p data-path-to-node=\"23\">\u2013 Altura do Encosto: 118-128cm<\/p>","protected":false},"excerpt":{"rendered":"<p><strong>Valor a prazo:<\/strong> R$ 1.115,00 (cada) -&gt; Cart\u00e3o de cr\u00e9dito<br \/><strong>Valor \u00e0 vista:<\/strong> R$ 1.035,00 (cada) -&gt; Dinheiro \/ Transfer\u00eancia<\/p>","protected":false},"featured_media":3429,"template":"","meta":{"site-sidebar-layout":"default","site-content-layout":"","ast-site-content-layout":"default","site-content-style":"default","site-sidebar-style":"default","ast-global-header-display":"","ast-banner-title-visibility":"","ast-main-header-display":"","ast-hfb-above-header-display":"","ast-hfb-below-header-display":"","ast-hfb-mobile-header-display":"","site-post-title":"","ast-breadcrumbs-content":"","ast-featured-img":"","footer-sml-layout":"","ast-disable-related-posts":"","theme-transparent-header-meta":"default","adv-header-id-meta":"","stick-header-meta":"","header-above-stick-meta":"","header-main-stick-meta":"","header-below-stick-meta":"","astra-migrate-meta-layouts":"set","ast-page-background-enabled":"default","ast-page-background-meta":{"desktop":{"background-color":"var(--ast-global-color-4)","background-image":"","background-repeat":"repeat","background-position":"center center","background-size":"auto","background-attachment":"scroll","background-type":"","background-media":"","overlay-type":"","overlay-color":"","overlay-opacity":"","overlay-gradient":""},"tablet":{"background-color":"","background-image":"","background-repeat":"repeat","background-position":"center center","background-size":"auto","background-attachment":"scroll","background-type":"","background-media":"","overlay-type":"","overlay-color":"","overlay-opacity":"","overlay-gradient":""},"mobile":{"background-color":"","background-image":"","background-repeat":"repeat","background-position":"center center","background-size":"auto","background-attachment":"scroll","background-type":"","background-media":"","overlay-type":"","overlay-color":"","overlay-opacity":"","overlay-gradient":""}},"ast-content-background-meta":{"desktop":{"background-color":"var(--ast-global-color-5)","background-image":"","background-repeat":"repeat","background-position":"center center","background-size":"auto","background-attachment":"scroll","background-type":"","background-media":"","overlay-type":"","overlay-color":"","overlay-opacity":"","overlay-gradient":""},"tablet":{"background-color":"var(--ast-global-color-5)","background-image":"","background-repeat":"repeat","background-position":"center center","background-size":"auto","background-attachment":"scroll","background-type":"","background-media":"","overlay-type":"","overlay-color":"","overlay-opacity":"","overlay-gradient":""},"mobile":{"background-color":"var(--ast-global-color-5)","background-image":"","background-repeat":"repeat","background-position":"center center","background-size":"auto","background-attachment":"scroll","background-type":"","background-media":"","overlay-type":"","overlay-color":"","overlay-opacity":"","overlay-gradient":""}}},"product_brand":[],"product_cat":[101,105],"product_tag":[],"class_list":{"0":"post-3428","1":"product","2":"type-product","3":"status-publish","4":"has-post-thumbnail","6":"product_cat-cadeira-ergonomica","7":"product_cat-cadeiras","8":"desktop-align-left","9":"tablet-align-left","10":"mobile-align-left","12":"first","13":"instock","14":"shipping-taxable","15":"purchasable","16":"product-type-simple"},"yoast_head":"<!-- This site is optimized with the Yoast SEO plugin v27.4 - https:\/\/yoast.com\/product\/yoast-seo-wordpress\/ -->\n<title>CADEIRA DUBLIN - Elyt Moveis<\/title>\n<meta name=\"description\" content=\"CADEIRA DUBLIN. Mecanismo exc\u00eantrico e regulagem de profundidade. Assento em espuma injetada. A m\u00e1xima tecnologia em ergonomia.\" \/>\n<meta name=\"robots\" content=\"index, follow, max-snippet:-1, max-image-preview:large, max-video-preview:-1\" \/>\n<link rel=\"canonical\" href=\"https:\/\/elytmoveisdeaco.com.br\/en\/product\/cadeira-dublin\/\" \/>\n<meta property=\"og:locale\" content=\"en_US\" \/>\n<meta property=\"og:type\" content=\"article\" \/>\n<meta property=\"og:title\" content=\"CADEIRA DUBLIN - Elyt Moveis\" \/>\n<meta property=\"og:description\" content=\"CADEIRA DUBLIN. Mecanismo exc\u00eantrico e regulagem de profundidade. Assento em espuma injetada. A m\u00e1xima tecnologia em ergonomia.\" \/>\n<meta property=\"og:url\" content=\"https:\/\/elytmoveisdeaco.com.br\/en\/product\/cadeira-dublin\/\" \/>\n<meta property=\"og:site_name\" content=\"Elyt Moveis\" \/>\n<meta property=\"article:modified_time\" content=\"2026-01-20T19:43:45+00:00\" \/>\n<meta property=\"og:image\" content=\"https:\/\/elytmoveisdeaco.com.br\/wp-content\/uploads\/2025\/11\/3-2.png\" \/>\n\t<meta property=\"og:image:width\" content=\"512\" \/>\n\t<meta property=\"og:image:height\" content=\"512\" \/>\n\t<meta property=\"og:image:type\" content=\"image\/png\" \/>\n<meta name=\"twitter:card\" content=\"summary_large_image\" \/>\n<meta name=\"twitter:label1\" content=\"Est. reading time\" \/>\n\t<meta name=\"twitter:data1\" content=\"2 minutes\" \/>\n<script type=\"application\/ld+json\" class=\"yoast-schema-graph\">{\"@context\":\"https:\\\/\\\/schema.org\",\"@graph\":[{\"@type\":\"WebPage\",\"@id\":\"https:\\\/\\\/elytmoveisdeaco.com.br\\\/produto\\\/cadeira-dublin\\\/\",\"url\":\"https:\\\/\\\/elytmoveisdeaco.com.br\\\/produto\\\/cadeira-dublin\\\/\",\"name\":\"CADEIRA DUBLIN - Elyt Moveis\",\"isPartOf\":{\"@id\":\"https:\\\/\\\/elytmoveisdeaco.com.br\\\/#website\"},\"primaryImageOfPage\":{\"@id\":\"https:\\\/\\\/elytmoveisdeaco.com.br\\\/produto\\\/cadeira-dublin\\\/#primaryimage\"},\"image\":{\"@id\":\"https:\\\/\\\/elytmoveisdeaco.com.br\\\/produto\\\/cadeira-dublin\\\/#primaryimage\"},\"thumbnailUrl\":\"https:\\\/\\\/elytmoveisdeaco.com.br\\\/wp-content\\\/uploads\\\/2025\\\/11\\\/3-2.png\",\"datePublished\":\"2025-11-28T16:26:10+00:00\",\"dateModified\":\"2026-01-20T19:43:45+00:00\",\"description\":\"CADEIRA DUBLIN. Mecanismo exc\u00eantrico e regulagem de profundidade. Assento em espuma injetada. A m\u00e1xima tecnologia em ergonomia.\",\"breadcrumb\":{\"@id\":\"https:\\\/\\\/elytmoveisdeaco.com.br\\\/produto\\\/cadeira-dublin\\\/#breadcrumb\"},\"inLanguage\":\"en-US\",\"potentialAction\":[{\"@type\":\"ReadAction\",\"target\":[\"https:\\\/\\\/elytmoveisdeaco.com.br\\\/produto\\\/cadeira-dublin\\\/\"]}]},{\"@type\":\"ImageObject\",\"inLanguage\":\"en-US\",\"@id\":\"https:\\\/\\\/elytmoveisdeaco.com.br\\\/produto\\\/cadeira-dublin\\\/#primaryimage\",\"url\":\"https:\\\/\\\/elytmoveisdeaco.com.br\\\/wp-content\\\/uploads\\\/2025\\\/11\\\/3-2.png\",\"contentUrl\":\"https:\\\/\\\/elytmoveisdeaco.com.br\\\/wp-content\\\/uploads\\\/2025\\\/11\\\/3-2.png\",\"width\":512,\"height\":512},{\"@type\":\"BreadcrumbList\",\"@id\":\"https:\\\/\\\/elytmoveisdeaco.com.br\\\/produto\\\/cadeira-dublin\\\/#breadcrumb\",\"itemListElement\":[{\"@type\":\"ListItem\",\"position\":1,\"name\":\"In\u00edcio\",\"item\":\"https:\\\/\\\/elytmoveisdeaco.com.br\\\/\"},{\"@type\":\"ListItem\",\"position\":2,\"name\":\"Loja\",\"item\":\"https:\\\/\\\/elytmoveisdeaco.com.br\\\/loja\\\/\"},{\"@type\":\"ListItem\",\"position\":3,\"name\":\"CADEIRA DUBLIN\"}]},{\"@type\":\"WebSite\",\"@id\":\"https:\\\/\\\/elytmoveisdeaco.com.br\\\/#website\",\"url\":\"https:\\\/\\\/elytmoveisdeaco.com.br\\\/\",\"name\":\"Elyt Moveis\",\"description\":\"As Melhores Estantes para seu o Estoque\",\"publisher\":{\"@id\":\"https:\\\/\\\/elytmoveisdeaco.com.br\\\/#organization\"},\"potentialAction\":[{\"@type\":\"SearchAction\",\"target\":{\"@type\":\"EntryPoint\",\"urlTemplate\":\"https:\\\/\\\/elytmoveisdeaco.com.br\\\/?s={search_term_string}\"},\"query-input\":{\"@type\":\"PropertyValueSpecification\",\"valueRequired\":true,\"valueName\":\"search_term_string\"}}],\"inLanguage\":\"en-US\"},{\"@type\":\"Organization\",\"@id\":\"https:\\\/\\\/elytmoveisdeaco.com.br\\\/#organization\",\"name\":\"Elyt Moveis\",\"url\":\"https:\\\/\\\/elytmoveisdeaco.com.br\\\/\",\"logo\":{\"@type\":\"ImageObject\",\"inLanguage\":\"en-US\",\"@id\":\"https:\\\/\\\/elytmoveisdeaco.com.br\\\/#\\\/schema\\\/logo\\\/image\\\/\",\"url\":\"https:\\\/\\\/elytmoveisdeaco.com.br\\\/wp-content\\\/uploads\\\/2023\\\/12\\\/cropped-1663352060-9964807-17700-0b519f2c1866bd5148dfb7a4f0ac51ac.webp\",\"contentUrl\":\"https:\\\/\\\/elytmoveisdeaco.com.br\\\/wp-content\\\/uploads\\\/2023\\\/12\\\/cropped-1663352060-9964807-17700-0b519f2c1866bd5148dfb7a4f0ac51ac.webp\",\"width\":131,\"height\":86,\"caption\":\"Elyt Moveis\"},\"image\":{\"@id\":\"https:\\\/\\\/elytmoveisdeaco.com.br\\\/#\\\/schema\\\/logo\\\/image\\\/\"}}]}<\/script>\n<!-- \/ Yoast SEO plugin. -->","yoast_head_json":{"title":"CADEIRA DUBLIN - Elyt Moveis","description":"CADEIRA DUBLIN. Mecanismo exc\u00eantrico e regulagem de profundidade. Assento em espuma injetada. A m\u00e1xima tecnologia em ergonomia.","robots":{"index":"index","follow":"follow","max-snippet":"max-snippet:-1","max-image-preview":"max-image-preview:large","max-video-preview":"max-video-preview:-1"},"canonical":"https:\/\/elytmoveisdeaco.com.br\/en\/product\/cadeira-dublin\/","og_locale":"en_US","og_type":"article","og_title":"CADEIRA DUBLIN - Elyt Moveis","og_description":"CADEIRA DUBLIN. Mecanismo exc\u00eantrico e regulagem de profundidade. Assento em espuma injetada. A m\u00e1xima tecnologia em ergonomia.","og_url":"https:\/\/elytmoveisdeaco.com.br\/en\/product\/cadeira-dublin\/","og_site_name":"Elyt Moveis","article_modified_time":"2026-01-20T19:43:45+00:00","og_image":[{"width":512,"height":512,"url":"https:\/\/elytmoveisdeaco.com.br\/wp-content\/uploads\/2025\/11\/3-2.png","type":"image\/png"}],"twitter_card":"summary_large_image","twitter_misc":{"Est. reading time":"2 minutes"},"schema":{"@context":"https:\/\/schema.org","@graph":[{"@type":"WebPage","@id":"https:\/\/elytmoveisdeaco.com.br\/produto\/cadeira-dublin\/","url":"https:\/\/elytmoveisdeaco.com.br\/produto\/cadeira-dublin\/","name":"CADEIRA DUBLIN - Elyt Moveis","isPartOf":{"@id":"https:\/\/elytmoveisdeaco.com.br\/#website"},"primaryImageOfPage":{"@id":"https:\/\/elytmoveisdeaco.com.br\/produto\/cadeira-dublin\/#primaryimage"},"image":{"@id":"https:\/\/elytmoveisdeaco.com.br\/produto\/cadeira-dublin\/#primaryimage"},"thumbnailUrl":"https:\/\/elytmoveisdeaco.com.br\/wp-content\/uploads\/2025\/11\/3-2.png","datePublished":"2025-11-28T16:26:10+00:00","dateModified":"2026-01-20T19:43:45+00:00","description":"CADEIRA DUBLIN. Mecanismo exc\u00eantrico e regulagem de profundidade. Assento em espuma injetada. A m\u00e1xima tecnologia em ergonomia.","breadcrumb":{"@id":"https:\/\/elytmoveisdeaco.com.br\/produto\/cadeira-dublin\/#breadcrumb"},"inLanguage":"en-US","potentialAction":[{"@type":"ReadAction","target":["https:\/\/elytmoveisdeaco.com.br\/produto\/cadeira-dublin\/"]}]},{"@type":"ImageObject","inLanguage":"en-US","@id":"https:\/\/elytmoveisdeaco.com.br\/produto\/cadeira-dublin\/#primaryimage","url":"https:\/\/elytmoveisdeaco.com.br\/wp-content\/uploads\/2025\/11\/3-2.png","contentUrl":"https:\/\/elytmoveisdeaco.com.br\/wp-content\/uploads\/2025\/11\/3-2.png","width":512,"height":512},{"@type":"BreadcrumbList","@id":"https:\/\/elytmoveisdeaco.com.br\/produto\/cadeira-dublin\/#breadcrumb","itemListElement":[{"@type":"ListItem","position":1,"name":"In\u00edcio","item":"https:\/\/elytmoveisdeaco.com.br\/"},{"@type":"ListItem","position":2,"name":"Loja","item":"https:\/\/elytmoveisdeaco.com.br\/loja\/"},{"@type":"ListItem","position":3,"name":"CADEIRA DUBLIN"}]},{"@type":"WebSite","@id":"https:\/\/elytmoveisdeaco.com.br\/#website","url":"https:\/\/elytmoveisdeaco.com.br\/","name":"Elyt Moveis","description":"As Melhores Estantes para seu o Estoque","publisher":{"@id":"https:\/\/elytmoveisdeaco.com.br\/#organization"},"potentialAction":[{"@type":"SearchAction","target":{"@type":"EntryPoint","urlTemplate":"https:\/\/elytmoveisdeaco.com.br\/?s={search_term_string}"},"query-input":{"@type":"PropertyValueSpecification","valueRequired":true,"valueName":"search_term_string"}}],"inLanguage":"en-US"},{"@type":"Organization","@id":"https:\/\/elytmoveisdeaco.com.br\/#organization","name":"Elyt Moveis","url":"https:\/\/elytmoveisdeaco.com.br\/","logo":{"@type":"ImageObject","inLanguage":"en-US","@id":"https:\/\/elytmoveisdeaco.com.br\/#\/schema\/logo\/image\/","url":"https:\/\/elytmoveisdeaco.com.br\/wp-content\/uploads\/2023\/12\/cropped-1663352060-9964807-17700-0b519f2c1866bd5148dfb7a4f0ac51ac.webp","contentUrl":"https:\/\/elytmoveisdeaco.com.br\/wp-content\/uploads\/2023\/12\/cropped-1663352060-9964807-17700-0b519f2c1866bd5148dfb7a4f0ac51ac.webp","width":131,"height":86,"caption":"Elyt Moveis"},"image":{"@id":"https:\/\/elytmoveisdeaco.com.br\/#\/schema\/logo\/image\/"}}]}},"_links":{"self":[{"href":"https:\/\/elytmoveisdeaco.com.br\/en\/wp-json\/wp\/v2\/product\/3428","targetHints":{"allow":["GET"]}}],"collection":[{"href":"https:\/\/elytmoveisdeaco.com.br\/en\/wp-json\/wp\/v2\/product"}],"about":[{"href":"https:\/\/elytmoveisdeaco.com.br\/en\/wp-json\/wp\/v2\/types\/product"}],"wp:featuredmedia":[{"embeddable":true,"href":"https:\/\/elytmoveisdeaco.com.br\/en\/wp-json\/wp\/v2\/media\/3429"}],"wp:attachment":[{"href":"https:\/\/elytmoveisdeaco.com.br\/en\/wp-json\/wp\/v2\/media?parent=3428"}],"wp:term":[{"taxonomy":"product_brand","embeddable":true,"href":"https:\/\/elytmoveisdeaco.com.br\/en\/wp-json\/wp\/v2\/product_brand?post=3428"},{"taxonomy":"product_cat","embeddable":true,"href":"https:\/\/elytmoveisdeaco.com.br\/en\/wp-json\/wp\/v2\/product_cat?post=3428"},{"taxonomy":"product_tag","embeddable":true,"href":"https:\/\/elytmoveisdeaco.com.br\/en\/wp-json\/wp\/v2\/product_tag?post=3428"}],"curies":[{"name":"wp","href":"https:\/\/api.w.org\/{rel}","templated":true}]}}