{"id":358,"date":"2024-01-19T14:11:17","date_gmt":"2024-01-19T17:11:17","guid":{"rendered":"https:\/\/elytmoveisdeaco.com.br\/?post_type=product&#038;p=358"},"modified":"2024-10-18T13:01:50","modified_gmt":"2024-10-18T16:01:50","slug":"estante-de-aco-verde-claro-30cm-dupla-flex","status":"publish","type":"product","link":"https:\/\/elytmoveisdeaco.com.br\/en\/product\/estante-de-aco-verde-claro-30cm-dupla-flex\/","title":{"rendered":"Estante de A\u00e7o Verde Claro \u2013 30cm | Dupla Flex"},"content":{"rendered":"<p>Estante de A\u00e7o da linha Dupla Flex Verde Claro \u00e9 perfeita para quem busca <strong>praticidade<\/strong>,\u00a0<strong>organiza\u00e7\u00e3o\u00a0<\/strong>e um<strong>\u00a0\u00f3timo acabamento<\/strong>. Dona de uma<strong> tonalidade neutra<\/strong>, vai casar bem com o restante do mobili\u00e1rio, al\u00e9m de ajudar a oferecer aquele toque extra de charme que falta para o seu doce lar.. <strong>Possui uma super funcionalidade e versatilidade<\/strong>\u00a0por ter colunas bipartidas,\u00a0<strong>voc\u00ea pode montar a estante inteira<\/strong>\u00a0(1,76m)\u00a0<strong>ou em dois balc\u00f5es<\/strong> (0,91m).<\/p>\n<p>&nbsp;<\/p>\n<p><strong>Trata-se de um m\u00f3vel democr\u00e1tico<\/strong> que \u00e9 capaz de organizar e trazer um estilo completo para diversos c\u00f4modos da sua casa. Com estrutura despojada, os pontos de apoio s\u00e3o ideais para receber livros, enfeites, vasos de plantas e at\u00e9 caixas pra guardar itens que voc\u00ea n\u00e3o quer que fiquem aparentes &#8211; \u00e9 toda essa versatilidade que oferece a possibilidade de posicion\u00e1-la no quarto, sala, escrit\u00f3rio ou onde achar melhor.<\/p>\n<p>&nbsp;<\/p>\n<p><strong>Suporta de 20 a 25kg por bandeja<\/strong>. As bandejas e colunas v\u00e3o embaladas em uma mesma caixa e possui f\u00e1cil montagem, al\u00e9m de suas 6 bandejas ser regul\u00e1veis. O\u00a0<strong>acabamento\u00a0<\/strong>em sistema de pintura eletrost\u00e1tica a p\u00f3 (ep\u00f3xi) em alta temperatura, garante\u00a0<strong>maior durabilidade<\/strong> do produto e resist\u00eancia ao tempo e ferrugem.<\/p>\n<p>&nbsp;<\/p>\n<h1><strong>Especifica\u00e7\u00f5es:<\/strong><\/h1>\n<p><strong>Marca:<\/strong>\u00a0AMAP\u00c1 (Refer\u00eancia em Qualidade de A\u00e7o e Acabamento. Certificada pela ISO 9.001)<\/p>\n<p><strong>Modelo:<\/strong>\u00a0Dupla Flex (colunas bipartidas), que permite a montagem dela inteira ou em dois balc\u00f5es;<\/p>\n<p><strong>Medida:\u00a0<\/strong>1,76m (alt)\u00a0 x 0,92m (comp) x 0,30m (prof);<\/p>\n<p><strong>Capacidade:<\/strong>\u00a020 a 25kg por bandeja;<\/p>\n<p><strong>Bandejas:\u00a0<\/strong>Acompanha 6 bandejas regul\u00e1veis;<\/p>\n<p><strong>Cor:<\/strong> Verde Claro<\/p>\n<p><strong>Chapa:<\/strong> 26 (0,45mm) as bandejas, e chapa 20 (0,90mm) as colunas.<\/p>\n<p>&nbsp;<\/p>\n<p><strong>Obs:\u00a0<\/strong>Cada bandeja possui\u00a0 1 refor\u00e7o de sustenta\u00e7\u00e3o. E a estante acompanha um kit com 48 parafusos e 48 porcas (8 por prateleira), montadas por chave 11, e 8\u00a0<strong>p\u00e9s pl\u00e1sticos (sapatas) para melhor prote\u00e7\u00e3o do piso<\/strong>\u00a0e maior durabilidade do produto. Acompanha um manual de montagem.<\/p>\n<p>&nbsp;<\/p>\n<p><strong>* Produto direto de f\u00e1brica!<\/strong><\/p>\n<p><strong><em>* Caso queira entrega, informe o seu CEP e cotamos o valor do frete terceirizado para voc\u00ea. Ou se preferir pode vir retirar em nossa loja.<\/em><\/strong><\/p>\n<p><strong><em>* Produto desmontado (caso queira montado, consulte o valor).<\/em><\/strong><\/p>\n<p><strong><em>* Consulte-nos, caso tenha interesse em outros modelos.<\/em><\/strong><\/p>\n<p><strong><em>* Fa\u00e7a sua pergunta e tire suas d\u00favidas, que vamos responder o mais breve poss\u00edvel.<\/em><\/strong><\/p>","protected":false},"excerpt":{"rendered":"<p>OU <strong>R$ 357,00<\/strong> \u00c0 VISTA | \u00daltimas Unidades!<\/p>\n<p>Pagamento \u00e0 prazo, compre e parcele no cart\u00e3o de cr\u00e9dito: R$ 387,00.<br \/>\nNo pagamento \u00e0 vista (dinheiro\/transfer\u00eancia): R$ 357,00.<\/p>","protected":false},"featured_media":359,"template":"","meta":{"site-sidebar-layout":"default","site-content-layout":"","ast-site-content-layout":"default","site-content-style":"default","site-sidebar-style":"default","ast-global-header-display":"","ast-banner-title-visibility":"","ast-main-header-display":"","ast-hfb-above-header-display":"","ast-hfb-below-header-display":"","ast-hfb-mobile-header-display":"","site-post-title":"","ast-breadcrumbs-content":"","ast-featured-img":"","footer-sml-layout":"","ast-disable-related-posts":"","theme-transparent-header-meta":"default","adv-header-id-meta":"","stick-header-meta":"","header-above-stick-meta":"","header-main-stick-meta":"","header-below-stick-meta":"","astra-migrate-meta-layouts":"set","ast-page-background-enabled":"default","ast-page-background-meta":{"desktop":{"background-color":"var(--ast-global-color-4)","background-image":"","background-repeat":"repeat","background-position":"center center","background-size":"auto","background-attachment":"scroll","background-type":"","background-media":"","overlay-type":"","overlay-color":"","overlay-opacity":"","overlay-gradient":""},"tablet":{"background-color":"","background-image":"","background-repeat":"repeat","background-position":"center center","background-size":"auto","background-attachment":"scroll","background-type":"","background-media":"","overlay-type":"","overlay-color":"","overlay-opacity":"","overlay-gradient":""},"mobile":{"background-color":"","background-image":"","background-repeat":"repeat","background-position":"center center","background-size":"auto","background-attachment":"scroll","background-type":"","background-media":"","overlay-type":"","overlay-color":"","overlay-opacity":"","overlay-gradient":""}},"ast-content-background-meta":{"desktop":{"background-color":"var(--ast-global-color-5)","background-image":"","background-repeat":"repeat","background-position":"center center","background-size":"auto","background-attachment":"scroll","background-type":"","background-media":"","overlay-type":"","overlay-color":"","overlay-opacity":"","overlay-gradient":""},"tablet":{"background-color":"var(--ast-global-color-5)","background-image":"","background-repeat":"repeat","background-position":"center center","background-size":"auto","background-attachment":"scroll","background-type":"","background-media":"","overlay-type":"","overlay-color":"","overlay-opacity":"","overlay-gradient":""},"mobile":{"background-color":"var(--ast-global-color-5)","background-image":"","background-repeat":"repeat","background-position":"center center","background-size":"auto","background-attachment":"scroll","background-type":"","background-media":"","overlay-type":"","overlay-color":"","overlay-opacity":"","overlay-gradient":""}}},"product_brand":[],"product_cat":[24,92,22,27],"product_tag":[],"class_list":{"0":"post-358","1":"product","2":"type-product","3":"status-publish","4":"has-post-thumbnail","6":"product_cat-estante-de-aco-linha-colorida-dupla-flex","7":"product_cat-estantes-coloridas","8":"product_cat-estantes-de-aco","9":"product_cat-estante-de-aco-linha-leve","10":"desktop-align-left","11":"tablet-align-left","12":"mobile-align-left","14":"first","15":"instock","16":"shipping-taxable","17":"purchasable","18":"product-type-simple"},"yoast_head":"<!-- This site is optimized with the Yoast SEO plugin v27.4 - https:\/\/yoast.com\/product\/yoast-seo-wordpress\/ -->\n<title>Estante de A\u00e7o Verde Claro \u2013 30cm | Dupla Flex - Elyt Moveis<\/title>\n<meta name=\"robots\" content=\"index, follow, max-snippet:-1, max-image-preview:large, max-video-preview:-1\" \/>\n<link rel=\"canonical\" href=\"https:\/\/elytmoveisdeaco.com.br\/en\/product\/estante-de-aco-verde-claro-30cm-dupla-flex\/\" \/>\n<meta property=\"og:locale\" content=\"en_US\" \/>\n<meta property=\"og:type\" content=\"article\" \/>\n<meta property=\"og:title\" content=\"Estante de A\u00e7o Verde Claro \u2013 30cm | Dupla Flex - Elyt Moveis\" \/>\n<meta property=\"og:description\" content=\"OU R$ 357,00 \u00c0 VISTA | \u00daltimas Unidades!  Pagamento \u00e0 prazo, compre e parcele no cart\u00e3o de cr\u00e9dito: R$ 387,00. No pagamento \u00e0 vista (dinheiro\/transfer\u00eancia): R$ 357,00.\" \/>\n<meta property=\"og:url\" content=\"https:\/\/elytmoveisdeaco.com.br\/en\/product\/estante-de-aco-verde-claro-30cm-dupla-flex\/\" \/>\n<meta property=\"og:site_name\" content=\"Elyt Moveis\" \/>\n<meta property=\"article:modified_time\" content=\"2024-10-18T16:01:50+00:00\" \/>\n<meta property=\"og:image\" content=\"https:\/\/elytmoveisdeaco.com.br\/wp-content\/uploads\/2024\/01\/estante-dupla-flex-verde-claro.png\" \/>\n\t<meta property=\"og:image:width\" content=\"1586\" \/>\n\t<meta property=\"og:image:height\" content=\"1546\" \/>\n\t<meta property=\"og:image:type\" content=\"image\/png\" \/>\n<meta name=\"twitter:card\" content=\"summary_large_image\" \/>\n<meta name=\"twitter:label1\" content=\"Est. reading time\" \/>\n\t<meta name=\"twitter:data1\" content=\"2 minutes\" \/>\n<script type=\"application\/ld+json\" class=\"yoast-schema-graph\">{\"@context\":\"https:\\\/\\\/schema.org\",\"@graph\":[{\"@type\":\"WebPage\",\"@id\":\"https:\\\/\\\/elytmoveisdeaco.com.br\\\/produto\\\/estante-de-aco-verde-claro-30cm-dupla-flex\\\/\",\"url\":\"https:\\\/\\\/elytmoveisdeaco.com.br\\\/produto\\\/estante-de-aco-verde-claro-30cm-dupla-flex\\\/\",\"name\":\"Estante de A\u00e7o Verde Claro \u2013 30cm | Dupla Flex - Elyt Moveis\",\"isPartOf\":{\"@id\":\"https:\\\/\\\/elytmoveisdeaco.com.br\\\/#website\"},\"primaryImageOfPage\":{\"@id\":\"https:\\\/\\\/elytmoveisdeaco.com.br\\\/produto\\\/estante-de-aco-verde-claro-30cm-dupla-flex\\\/#primaryimage\"},\"image\":{\"@id\":\"https:\\\/\\\/elytmoveisdeaco.com.br\\\/produto\\\/estante-de-aco-verde-claro-30cm-dupla-flex\\\/#primaryimage\"},\"thumbnailUrl\":\"https:\\\/\\\/elytmoveisdeaco.com.br\\\/wp-content\\\/uploads\\\/2024\\\/01\\\/estante-dupla-flex-verde-claro.png\",\"datePublished\":\"2024-01-19T17:11:17+00:00\",\"dateModified\":\"2024-10-18T16:01:50+00:00\",\"breadcrumb\":{\"@id\":\"https:\\\/\\\/elytmoveisdeaco.com.br\\\/produto\\\/estante-de-aco-verde-claro-30cm-dupla-flex\\\/#breadcrumb\"},\"inLanguage\":\"en-US\",\"potentialAction\":[{\"@type\":\"ReadAction\",\"target\":[\"https:\\\/\\\/elytmoveisdeaco.com.br\\\/produto\\\/estante-de-aco-verde-claro-30cm-dupla-flex\\\/\"]}]},{\"@type\":\"ImageObject\",\"inLanguage\":\"en-US\",\"@id\":\"https:\\\/\\\/elytmoveisdeaco.com.br\\\/produto\\\/estante-de-aco-verde-claro-30cm-dupla-flex\\\/#primaryimage\",\"url\":\"https:\\\/\\\/elytmoveisdeaco.com.br\\\/wp-content\\\/uploads\\\/2024\\\/01\\\/estante-dupla-flex-verde-claro.png\",\"contentUrl\":\"https:\\\/\\\/elytmoveisdeaco.com.br\\\/wp-content\\\/uploads\\\/2024\\\/01\\\/estante-dupla-flex-verde-claro.png\",\"width\":1586,\"height\":1546},{\"@type\":\"BreadcrumbList\",\"@id\":\"https:\\\/\\\/elytmoveisdeaco.com.br\\\/produto\\\/estante-de-aco-verde-claro-30cm-dupla-flex\\\/#breadcrumb\",\"itemListElement\":[{\"@type\":\"ListItem\",\"position\":1,\"name\":\"In\u00edcio\",\"item\":\"https:\\\/\\\/elytmoveisdeaco.com.br\\\/\"},{\"@type\":\"ListItem\",\"position\":2,\"name\":\"Loja\",\"item\":\"https:\\\/\\\/elytmoveisdeaco.com.br\\\/loja\\\/\"},{\"@type\":\"ListItem\",\"position\":3,\"name\":\"Estante de A\u00e7o Verde Claro \u2013 30cm | Dupla Flex\"}]},{\"@type\":\"WebSite\",\"@id\":\"https:\\\/\\\/elytmoveisdeaco.com.br\\\/#website\",\"url\":\"https:\\\/\\\/elytmoveisdeaco.com.br\\\/\",\"name\":\"Elyt Moveis\",\"description\":\"As Melhores Estantes para seu o Estoque\",\"publisher\":{\"@id\":\"https:\\\/\\\/elytmoveisdeaco.com.br\\\/#organization\"},\"potentialAction\":[{\"@type\":\"SearchAction\",\"target\":{\"@type\":\"EntryPoint\",\"urlTemplate\":\"https:\\\/\\\/elytmoveisdeaco.com.br\\\/?s={search_term_string}\"},\"query-input\":{\"@type\":\"PropertyValueSpecification\",\"valueRequired\":true,\"valueName\":\"search_term_string\"}}],\"inLanguage\":\"en-US\"},{\"@type\":\"Organization\",\"@id\":\"https:\\\/\\\/elytmoveisdeaco.com.br\\\/#organization\",\"name\":\"Elyt Moveis\",\"url\":\"https:\\\/\\\/elytmoveisdeaco.com.br\\\/\",\"logo\":{\"@type\":\"ImageObject\",\"inLanguage\":\"en-US\",\"@id\":\"https:\\\/\\\/elytmoveisdeaco.com.br\\\/#\\\/schema\\\/logo\\\/image\\\/\",\"url\":\"https:\\\/\\\/elytmoveisdeaco.com.br\\\/wp-content\\\/uploads\\\/2023\\\/12\\\/cropped-1663352060-9964807-17700-0b519f2c1866bd5148dfb7a4f0ac51ac.webp\",\"contentUrl\":\"https:\\\/\\\/elytmoveisdeaco.com.br\\\/wp-content\\\/uploads\\\/2023\\\/12\\\/cropped-1663352060-9964807-17700-0b519f2c1866bd5148dfb7a4f0ac51ac.webp\",\"width\":131,\"height\":86,\"caption\":\"Elyt Moveis\"},\"image\":{\"@id\":\"https:\\\/\\\/elytmoveisdeaco.com.br\\\/#\\\/schema\\\/logo\\\/image\\\/\"}}]}<\/script>\n<!-- \/ Yoast SEO plugin. -->","yoast_head_json":{"title":"Estante de A\u00e7o Verde Claro \u2013 30cm | Dupla Flex - Elyt Moveis","robots":{"index":"index","follow":"follow","max-snippet":"max-snippet:-1","max-image-preview":"max-image-preview:large","max-video-preview":"max-video-preview:-1"},"canonical":"https:\/\/elytmoveisdeaco.com.br\/en\/product\/estante-de-aco-verde-claro-30cm-dupla-flex\/","og_locale":"en_US","og_type":"article","og_title":"Estante de A\u00e7o Verde Claro \u2013 30cm | Dupla Flex - Elyt Moveis","og_description":"OU R$ 357,00 \u00c0 VISTA | \u00daltimas Unidades!  Pagamento \u00e0 prazo, compre e parcele no cart\u00e3o de cr\u00e9dito: R$ 387,00. No pagamento \u00e0 vista (dinheiro\/transfer\u00eancia): R$ 357,00.","og_url":"https:\/\/elytmoveisdeaco.com.br\/en\/product\/estante-de-aco-verde-claro-30cm-dupla-flex\/","og_site_name":"Elyt Moveis","article_modified_time":"2024-10-18T16:01:50+00:00","og_image":[{"width":1586,"height":1546,"url":"https:\/\/elytmoveisdeaco.com.br\/wp-content\/uploads\/2024\/01\/estante-dupla-flex-verde-claro.png","type":"image\/png"}],"twitter_card":"summary_large_image","twitter_misc":{"Est. reading time":"2 minutes"},"schema":{"@context":"https:\/\/schema.org","@graph":[{"@type":"WebPage","@id":"https:\/\/elytmoveisdeaco.com.br\/produto\/estante-de-aco-verde-claro-30cm-dupla-flex\/","url":"https:\/\/elytmoveisdeaco.com.br\/produto\/estante-de-aco-verde-claro-30cm-dupla-flex\/","name":"Estante de A\u00e7o Verde Claro \u2013 30cm | Dupla Flex - Elyt Moveis","isPartOf":{"@id":"https:\/\/elytmoveisdeaco.com.br\/#website"},"primaryImageOfPage":{"@id":"https:\/\/elytmoveisdeaco.com.br\/produto\/estante-de-aco-verde-claro-30cm-dupla-flex\/#primaryimage"},"image":{"@id":"https:\/\/elytmoveisdeaco.com.br\/produto\/estante-de-aco-verde-claro-30cm-dupla-flex\/#primaryimage"},"thumbnailUrl":"https:\/\/elytmoveisdeaco.com.br\/wp-content\/uploads\/2024\/01\/estante-dupla-flex-verde-claro.png","datePublished":"2024-01-19T17:11:17+00:00","dateModified":"2024-10-18T16:01:50+00:00","breadcrumb":{"@id":"https:\/\/elytmoveisdeaco.com.br\/produto\/estante-de-aco-verde-claro-30cm-dupla-flex\/#breadcrumb"},"inLanguage":"en-US","potentialAction":[{"@type":"ReadAction","target":["https:\/\/elytmoveisdeaco.com.br\/produto\/estante-de-aco-verde-claro-30cm-dupla-flex\/"]}]},{"@type":"ImageObject","inLanguage":"en-US","@id":"https:\/\/elytmoveisdeaco.com.br\/produto\/estante-de-aco-verde-claro-30cm-dupla-flex\/#primaryimage","url":"https:\/\/elytmoveisdeaco.com.br\/wp-content\/uploads\/2024\/01\/estante-dupla-flex-verde-claro.png","contentUrl":"https:\/\/elytmoveisdeaco.com.br\/wp-content\/uploads\/2024\/01\/estante-dupla-flex-verde-claro.png","width":1586,"height":1546},{"@type":"BreadcrumbList","@id":"https:\/\/elytmoveisdeaco.com.br\/produto\/estante-de-aco-verde-claro-30cm-dupla-flex\/#breadcrumb","itemListElement":[{"@type":"ListItem","position":1,"name":"In\u00edcio","item":"https:\/\/elytmoveisdeaco.com.br\/"},{"@type":"ListItem","position":2,"name":"Loja","item":"https:\/\/elytmoveisdeaco.com.br\/loja\/"},{"@type":"ListItem","position":3,"name":"Estante de A\u00e7o Verde Claro \u2013 30cm | Dupla Flex"}]},{"@type":"WebSite","@id":"https:\/\/elytmoveisdeaco.com.br\/#website","url":"https:\/\/elytmoveisdeaco.com.br\/","name":"Elyt Moveis","description":"As Melhores Estantes para seu o Estoque","publisher":{"@id":"https:\/\/elytmoveisdeaco.com.br\/#organization"},"potentialAction":[{"@type":"SearchAction","target":{"@type":"EntryPoint","urlTemplate":"https:\/\/elytmoveisdeaco.com.br\/?s={search_term_string}"},"query-input":{"@type":"PropertyValueSpecification","valueRequired":true,"valueName":"search_term_string"}}],"inLanguage":"en-US"},{"@type":"Organization","@id":"https:\/\/elytmoveisdeaco.com.br\/#organization","name":"Elyt Moveis","url":"https:\/\/elytmoveisdeaco.com.br\/","logo":{"@type":"ImageObject","inLanguage":"en-US","@id":"https:\/\/elytmoveisdeaco.com.br\/#\/schema\/logo\/image\/","url":"https:\/\/elytmoveisdeaco.com.br\/wp-content\/uploads\/2023\/12\/cropped-1663352060-9964807-17700-0b519f2c1866bd5148dfb7a4f0ac51ac.webp","contentUrl":"https:\/\/elytmoveisdeaco.com.br\/wp-content\/uploads\/2023\/12\/cropped-1663352060-9964807-17700-0b519f2c1866bd5148dfb7a4f0ac51ac.webp","width":131,"height":86,"caption":"Elyt Moveis"},"image":{"@id":"https:\/\/elytmoveisdeaco.com.br\/#\/schema\/logo\/image\/"}}]}},"_links":{"self":[{"href":"https:\/\/elytmoveisdeaco.com.br\/en\/wp-json\/wp\/v2\/product\/358","targetHints":{"allow":["GET"]}}],"collection":[{"href":"https:\/\/elytmoveisdeaco.com.br\/en\/wp-json\/wp\/v2\/product"}],"about":[{"href":"https:\/\/elytmoveisdeaco.com.br\/en\/wp-json\/wp\/v2\/types\/product"}],"wp:featuredmedia":[{"embeddable":true,"href":"https:\/\/elytmoveisdeaco.com.br\/en\/wp-json\/wp\/v2\/media\/359"}],"wp:attachment":[{"href":"https:\/\/elytmoveisdeaco.com.br\/en\/wp-json\/wp\/v2\/media?parent=358"}],"wp:term":[{"taxonomy":"product_brand","embeddable":true,"href":"https:\/\/elytmoveisdeaco.com.br\/en\/wp-json\/wp\/v2\/product_brand?post=358"},{"taxonomy":"product_cat","embeddable":true,"href":"https:\/\/elytmoveisdeaco.com.br\/en\/wp-json\/wp\/v2\/product_cat?post=358"},{"taxonomy":"product_tag","embeddable":true,"href":"https:\/\/elytmoveisdeaco.com.br\/en\/wp-json\/wp\/v2\/product_tag?post=358"}],"curies":[{"name":"wp","href":"https:\/\/api.w.org\/{rel}","templated":true}]}}