{"id":510,"date":"2024-01-22T14:06:10","date_gmt":"2024-01-22T17:06:10","guid":{"rendered":"https:\/\/elytmoveisdeaco.com.br\/?post_type=product&#038;p=510"},"modified":"2024-10-18T13:01:21","modified_gmt":"2024-10-18T16:01:21","slug":"roupeiro-de-aco-4-portas-grades","status":"publish","type":"product","link":"https:\/\/elytmoveisdeaco.com.br\/en\/product\/roupeiro-de-aco-4-portas-grades\/","title":{"rendered":"Roupeiro de A\u00e7o \u2013 4 Portas Grades"},"content":{"rendered":"","protected":false},"excerpt":{"rendered":"<p>OU <strong>R$ 745,00<\/strong>\u00a0\u00c0 VISTA | \u00daltimas Unidades!<\/p>\n<p>Pagamento \u00e0 prazo, compre e parcele no cart\u00e3o de cr\u00e9dito: R$ 795,00. No pagamento \u00e0 vista (dinheiro\/transfer\u00eancia): R$ 745,00.<\/p>","protected":false},"featured_media":531,"template":"","meta":{"site-sidebar-layout":"default","site-content-layout":"","ast-site-content-layout":"default","site-content-style":"default","site-sidebar-style":"default","ast-global-header-display":"","ast-banner-title-visibility":"","ast-main-header-display":"","ast-hfb-above-header-display":"","ast-hfb-below-header-display":"","ast-hfb-mobile-header-display":"","site-post-title":"","ast-breadcrumbs-content":"","ast-featured-img":"","footer-sml-layout":"","ast-disable-related-posts":"","theme-transparent-header-meta":"default","adv-header-id-meta":"","stick-header-meta":"","header-above-stick-meta":"","header-main-stick-meta":"","header-below-stick-meta":"","astra-migrate-meta-layouts":"set","ast-page-background-enabled":"default","ast-page-background-meta":{"desktop":{"background-color":"var(--ast-global-color-4)","background-image":"","background-repeat":"repeat","background-position":"center center","background-size":"auto","background-attachment":"scroll","background-type":"","background-media":"","overlay-type":"","overlay-color":"","overlay-opacity":"","overlay-gradient":""},"tablet":{"background-color":"","background-image":"","background-repeat":"repeat","background-position":"center center","background-size":"auto","background-attachment":"scroll","background-type":"","background-media":"","overlay-type":"","overlay-color":"","overlay-opacity":"","overlay-gradient":""},"mobile":{"background-color":"","background-image":"","background-repeat":"repeat","background-position":"center center","background-size":"auto","background-attachment":"scroll","background-type":"","background-media":"","overlay-type":"","overlay-color":"","overlay-opacity":"","overlay-gradient":""}},"ast-content-background-meta":{"desktop":{"background-color":"var(--ast-global-color-5)","background-image":"","background-repeat":"repeat","background-position":"center center","background-size":"auto","background-attachment":"scroll","background-type":"","background-media":"","overlay-type":"","overlay-color":"","overlay-opacity":"","overlay-gradient":""},"tablet":{"background-color":"var(--ast-global-color-5)","background-image":"","background-repeat":"repeat","background-position":"center center","background-size":"auto","background-attachment":"scroll","background-type":"","background-media":"","overlay-type":"","overlay-color":"","overlay-opacity":"","overlay-gradient":""},"mobile":{"background-color":"var(--ast-global-color-5)","background-image":"","background-repeat":"repeat","background-position":"center center","background-size":"auto","background-attachment":"scroll","background-type":"","background-media":"","overlay-type":"","overlay-color":"","overlay-opacity":"","overlay-gradient":""}}},"product_brand":[],"product_cat":[31,40],"product_tag":[],"class_list":{"0":"post-510","1":"product","2":"type-product","3":"status-publish","4":"has-post-thumbnail","6":"product_cat-roupeiro-de-aco","7":"product_cat-roupeiro-de-aco-com-fechadura","8":"desktop-align-left","9":"tablet-align-left","10":"mobile-align-left","12":"first","13":"instock","14":"shipping-taxable","15":"purchasable","16":"product-type-simple"},"yoast_head":"<!-- This site is optimized with the Yoast SEO plugin v27.4 - https:\/\/yoast.com\/product\/yoast-seo-wordpress\/ -->\n<title>Roupeiro de A\u00e7o \u2013 4 Portas Grades - Elyt Moveis<\/title>\n<meta name=\"robots\" content=\"index, follow, max-snippet:-1, max-image-preview:large, max-video-preview:-1\" \/>\n<link rel=\"canonical\" href=\"https:\/\/elytmoveisdeaco.com.br\/en\/product\/roupeiro-de-aco-4-portas-grades\/\" \/>\n<meta property=\"og:locale\" content=\"en_US\" \/>\n<meta property=\"og:type\" content=\"article\" \/>\n<meta property=\"og:title\" content=\"Roupeiro de A\u00e7o \u2013 4 Portas Grades - Elyt Moveis\" \/>\n<meta property=\"og:description\" content=\"OU R$ 745,00\u00a0\u00c0 VISTA | \u00daltimas Unidades!  Pagamento \u00e0 prazo, compre e parcele no cart\u00e3o de cr\u00e9dito: R$ 795,00. No pagamento \u00e0 vista (dinheiro\/transfer\u00eancia): R$ 745,00.\" \/>\n<meta property=\"og:url\" content=\"https:\/\/elytmoveisdeaco.com.br\/en\/product\/roupeiro-de-aco-4-portas-grades\/\" \/>\n<meta property=\"og:site_name\" content=\"Elyt Moveis\" \/>\n<meta property=\"article:modified_time\" content=\"2024-10-18T16:01:21+00:00\" \/>\n<meta property=\"og:image\" content=\"https:\/\/elytmoveisdeaco.com.br\/wp-content\/uploads\/2024\/01\/roupeiros-com-fechadura-4-portas.png\" \/>\n\t<meta property=\"og:image:width\" content=\"345\" \/>\n\t<meta property=\"og:image:height\" content=\"345\" \/>\n\t<meta property=\"og:image:type\" content=\"image\/png\" \/>\n<meta name=\"twitter:card\" content=\"summary_large_image\" \/>\n<script type=\"application\/ld+json\" class=\"yoast-schema-graph\">{\"@context\":\"https:\\\/\\\/schema.org\",\"@graph\":[{\"@type\":\"WebPage\",\"@id\":\"https:\\\/\\\/elytmoveisdeaco.com.br\\\/produto\\\/roupeiro-de-aco-4-portas-grades\\\/\",\"url\":\"https:\\\/\\\/elytmoveisdeaco.com.br\\\/produto\\\/roupeiro-de-aco-4-portas-grades\\\/\",\"name\":\"Roupeiro de A\u00e7o \u2013 4 Portas Grades - Elyt Moveis\",\"isPartOf\":{\"@id\":\"https:\\\/\\\/elytmoveisdeaco.com.br\\\/#website\"},\"primaryImageOfPage\":{\"@id\":\"https:\\\/\\\/elytmoveisdeaco.com.br\\\/produto\\\/roupeiro-de-aco-4-portas-grades\\\/#primaryimage\"},\"image\":{\"@id\":\"https:\\\/\\\/elytmoveisdeaco.com.br\\\/produto\\\/roupeiro-de-aco-4-portas-grades\\\/#primaryimage\"},\"thumbnailUrl\":\"https:\\\/\\\/elytmoveisdeaco.com.br\\\/wp-content\\\/uploads\\\/2024\\\/01\\\/roupeiros-com-fechadura-4-portas.png\",\"datePublished\":\"2024-01-22T17:06:10+00:00\",\"dateModified\":\"2024-10-18T16:01:21+00:00\",\"breadcrumb\":{\"@id\":\"https:\\\/\\\/elytmoveisdeaco.com.br\\\/produto\\\/roupeiro-de-aco-4-portas-grades\\\/#breadcrumb\"},\"inLanguage\":\"en-US\",\"potentialAction\":[{\"@type\":\"ReadAction\",\"target\":[\"https:\\\/\\\/elytmoveisdeaco.com.br\\\/produto\\\/roupeiro-de-aco-4-portas-grades\\\/\"]}]},{\"@type\":\"ImageObject\",\"inLanguage\":\"en-US\",\"@id\":\"https:\\\/\\\/elytmoveisdeaco.com.br\\\/produto\\\/roupeiro-de-aco-4-portas-grades\\\/#primaryimage\",\"url\":\"https:\\\/\\\/elytmoveisdeaco.com.br\\\/wp-content\\\/uploads\\\/2024\\\/01\\\/roupeiros-com-fechadura-4-portas.png\",\"contentUrl\":\"https:\\\/\\\/elytmoveisdeaco.com.br\\\/wp-content\\\/uploads\\\/2024\\\/01\\\/roupeiros-com-fechadura-4-portas.png\",\"width\":345,\"height\":345},{\"@type\":\"BreadcrumbList\",\"@id\":\"https:\\\/\\\/elytmoveisdeaco.com.br\\\/produto\\\/roupeiro-de-aco-4-portas-grades\\\/#breadcrumb\",\"itemListElement\":[{\"@type\":\"ListItem\",\"position\":1,\"name\":\"In\u00edcio\",\"item\":\"https:\\\/\\\/elytmoveisdeaco.com.br\\\/\"},{\"@type\":\"ListItem\",\"position\":2,\"name\":\"Loja\",\"item\":\"https:\\\/\\\/elytmoveisdeaco.com.br\\\/loja\\\/\"},{\"@type\":\"ListItem\",\"position\":3,\"name\":\"Roupeiro de A\u00e7o \u2013 4 Portas Grades\"}]},{\"@type\":\"WebSite\",\"@id\":\"https:\\\/\\\/elytmoveisdeaco.com.br\\\/#website\",\"url\":\"https:\\\/\\\/elytmoveisdeaco.com.br\\\/\",\"name\":\"Elyt Moveis\",\"description\":\"As Melhores Estantes para seu o Estoque\",\"publisher\":{\"@id\":\"https:\\\/\\\/elytmoveisdeaco.com.br\\\/#organization\"},\"potentialAction\":[{\"@type\":\"SearchAction\",\"target\":{\"@type\":\"EntryPoint\",\"urlTemplate\":\"https:\\\/\\\/elytmoveisdeaco.com.br\\\/?s={search_term_string}\"},\"query-input\":{\"@type\":\"PropertyValueSpecification\",\"valueRequired\":true,\"valueName\":\"search_term_string\"}}],\"inLanguage\":\"en-US\"},{\"@type\":\"Organization\",\"@id\":\"https:\\\/\\\/elytmoveisdeaco.com.br\\\/#organization\",\"name\":\"Elyt Moveis\",\"url\":\"https:\\\/\\\/elytmoveisdeaco.com.br\\\/\",\"logo\":{\"@type\":\"ImageObject\",\"inLanguage\":\"en-US\",\"@id\":\"https:\\\/\\\/elytmoveisdeaco.com.br\\\/#\\\/schema\\\/logo\\\/image\\\/\",\"url\":\"https:\\\/\\\/elytmoveisdeaco.com.br\\\/wp-content\\\/uploads\\\/2023\\\/12\\\/cropped-1663352060-9964807-17700-0b519f2c1866bd5148dfb7a4f0ac51ac.webp\",\"contentUrl\":\"https:\\\/\\\/elytmoveisdeaco.com.br\\\/wp-content\\\/uploads\\\/2023\\\/12\\\/cropped-1663352060-9964807-17700-0b519f2c1866bd5148dfb7a4f0ac51ac.webp\",\"width\":131,\"height\":86,\"caption\":\"Elyt Moveis\"},\"image\":{\"@id\":\"https:\\\/\\\/elytmoveisdeaco.com.br\\\/#\\\/schema\\\/logo\\\/image\\\/\"}}]}<\/script>\n<!-- \/ Yoast SEO plugin. -->","yoast_head_json":{"title":"Roupeiro de A\u00e7o \u2013 4 Portas Grades - Elyt Moveis","robots":{"index":"index","follow":"follow","max-snippet":"max-snippet:-1","max-image-preview":"max-image-preview:large","max-video-preview":"max-video-preview:-1"},"canonical":"https:\/\/elytmoveisdeaco.com.br\/en\/product\/roupeiro-de-aco-4-portas-grades\/","og_locale":"en_US","og_type":"article","og_title":"Roupeiro de A\u00e7o \u2013 4 Portas Grades - Elyt Moveis","og_description":"OU R$ 745,00\u00a0\u00c0 VISTA | \u00daltimas Unidades!  Pagamento \u00e0 prazo, compre e parcele no cart\u00e3o de cr\u00e9dito: R$ 795,00. No pagamento \u00e0 vista (dinheiro\/transfer\u00eancia): R$ 745,00.","og_url":"https:\/\/elytmoveisdeaco.com.br\/en\/product\/roupeiro-de-aco-4-portas-grades\/","og_site_name":"Elyt Moveis","article_modified_time":"2024-10-18T16:01:21+00:00","og_image":[{"width":345,"height":345,"url":"https:\/\/elytmoveisdeaco.com.br\/wp-content\/uploads\/2024\/01\/roupeiros-com-fechadura-4-portas.png","type":"image\/png"}],"twitter_card":"summary_large_image","schema":{"@context":"https:\/\/schema.org","@graph":[{"@type":"WebPage","@id":"https:\/\/elytmoveisdeaco.com.br\/produto\/roupeiro-de-aco-4-portas-grades\/","url":"https:\/\/elytmoveisdeaco.com.br\/produto\/roupeiro-de-aco-4-portas-grades\/","name":"Roupeiro de A\u00e7o \u2013 4 Portas Grades - Elyt Moveis","isPartOf":{"@id":"https:\/\/elytmoveisdeaco.com.br\/#website"},"primaryImageOfPage":{"@id":"https:\/\/elytmoveisdeaco.com.br\/produto\/roupeiro-de-aco-4-portas-grades\/#primaryimage"},"image":{"@id":"https:\/\/elytmoveisdeaco.com.br\/produto\/roupeiro-de-aco-4-portas-grades\/#primaryimage"},"thumbnailUrl":"https:\/\/elytmoveisdeaco.com.br\/wp-content\/uploads\/2024\/01\/roupeiros-com-fechadura-4-portas.png","datePublished":"2024-01-22T17:06:10+00:00","dateModified":"2024-10-18T16:01:21+00:00","breadcrumb":{"@id":"https:\/\/elytmoveisdeaco.com.br\/produto\/roupeiro-de-aco-4-portas-grades\/#breadcrumb"},"inLanguage":"en-US","potentialAction":[{"@type":"ReadAction","target":["https:\/\/elytmoveisdeaco.com.br\/produto\/roupeiro-de-aco-4-portas-grades\/"]}]},{"@type":"ImageObject","inLanguage":"en-US","@id":"https:\/\/elytmoveisdeaco.com.br\/produto\/roupeiro-de-aco-4-portas-grades\/#primaryimage","url":"https:\/\/elytmoveisdeaco.com.br\/wp-content\/uploads\/2024\/01\/roupeiros-com-fechadura-4-portas.png","contentUrl":"https:\/\/elytmoveisdeaco.com.br\/wp-content\/uploads\/2024\/01\/roupeiros-com-fechadura-4-portas.png","width":345,"height":345},{"@type":"BreadcrumbList","@id":"https:\/\/elytmoveisdeaco.com.br\/produto\/roupeiro-de-aco-4-portas-grades\/#breadcrumb","itemListElement":[{"@type":"ListItem","position":1,"name":"In\u00edcio","item":"https:\/\/elytmoveisdeaco.com.br\/"},{"@type":"ListItem","position":2,"name":"Loja","item":"https:\/\/elytmoveisdeaco.com.br\/loja\/"},{"@type":"ListItem","position":3,"name":"Roupeiro de A\u00e7o \u2013 4 Portas Grades"}]},{"@type":"WebSite","@id":"https:\/\/elytmoveisdeaco.com.br\/#website","url":"https:\/\/elytmoveisdeaco.com.br\/","name":"Elyt Moveis","description":"As Melhores Estantes para seu o Estoque","publisher":{"@id":"https:\/\/elytmoveisdeaco.com.br\/#organization"},"potentialAction":[{"@type":"SearchAction","target":{"@type":"EntryPoint","urlTemplate":"https:\/\/elytmoveisdeaco.com.br\/?s={search_term_string}"},"query-input":{"@type":"PropertyValueSpecification","valueRequired":true,"valueName":"search_term_string"}}],"inLanguage":"en-US"},{"@type":"Organization","@id":"https:\/\/elytmoveisdeaco.com.br\/#organization","name":"Elyt Moveis","url":"https:\/\/elytmoveisdeaco.com.br\/","logo":{"@type":"ImageObject","inLanguage":"en-US","@id":"https:\/\/elytmoveisdeaco.com.br\/#\/schema\/logo\/image\/","url":"https:\/\/elytmoveisdeaco.com.br\/wp-content\/uploads\/2023\/12\/cropped-1663352060-9964807-17700-0b519f2c1866bd5148dfb7a4f0ac51ac.webp","contentUrl":"https:\/\/elytmoveisdeaco.com.br\/wp-content\/uploads\/2023\/12\/cropped-1663352060-9964807-17700-0b519f2c1866bd5148dfb7a4f0ac51ac.webp","width":131,"height":86,"caption":"Elyt Moveis"},"image":{"@id":"https:\/\/elytmoveisdeaco.com.br\/#\/schema\/logo\/image\/"}}]}},"_links":{"self":[{"href":"https:\/\/elytmoveisdeaco.com.br\/en\/wp-json\/wp\/v2\/product\/510","targetHints":{"allow":["GET"]}}],"collection":[{"href":"https:\/\/elytmoveisdeaco.com.br\/en\/wp-json\/wp\/v2\/product"}],"about":[{"href":"https:\/\/elytmoveisdeaco.com.br\/en\/wp-json\/wp\/v2\/types\/product"}],"wp:featuredmedia":[{"embeddable":true,"href":"https:\/\/elytmoveisdeaco.com.br\/en\/wp-json\/wp\/v2\/media\/531"}],"wp:attachment":[{"href":"https:\/\/elytmoveisdeaco.com.br\/en\/wp-json\/wp\/v2\/media?parent=510"}],"wp:term":[{"taxonomy":"product_brand","embeddable":true,"href":"https:\/\/elytmoveisdeaco.com.br\/en\/wp-json\/wp\/v2\/product_brand?post=510"},{"taxonomy":"product_cat","embeddable":true,"href":"https:\/\/elytmoveisdeaco.com.br\/en\/wp-json\/wp\/v2\/product_cat?post=510"},{"taxonomy":"product_tag","embeddable":true,"href":"https:\/\/elytmoveisdeaco.com.br\/en\/wp-json\/wp\/v2\/product_tag?post=510"}],"curies":[{"name":"wp","href":"https:\/\/api.w.org\/{rel}","templated":true}]}}