{"id":925,"date":"2024-01-30T14:11:42","date_gmt":"2024-01-30T17:11:42","guid":{"rendered":"https:\/\/elytmoveisdeaco.com.br\/?post_type=product&#038;p=925"},"modified":"2024-10-18T12:54:04","modified_gmt":"2024-10-18T15:54:04","slug":"estante-de-aco-cinza-40-cm-leve-c-6-prateleiras","status":"publish","type":"product","link":"https:\/\/elytmoveisdeaco.com.br\/en\/product\/estante-de-aco-cinza-40-cm-leve-c-6-prateleiras\/","title":{"rendered":"Estante de A\u00e7o Cinza \u2013 40 cm Leve | C\/ 6 Prateleiras"},"content":{"rendered":"<div class=\"sinopse-produto\">\n<p>Estante de A\u00e7o Cinza \u2013 40 cm Leve | C\/ 6 Prateleiras<\/p>\n<\/div>\n<div class=\"descricao-produto\">\n<p>&nbsp;<\/p>\n<div class=\"KVL47\">\n<div class=\"tkVbnb\">\n<div class=\"hReZbc\">\n<div dir=\"ltr\">Estante de A\u00e7o da linha leve \u00e9 perfeita para quem busca\u00a0<strong>versatilidade\u00a0<\/strong>e\u00a0<strong>organiza\u00e7\u00e3o<\/strong>. Ideal para\u00a0<strong>estoque leve, exposi\u00e7\u00e3o de mostru\u00e1rio<\/strong>\u00a0e\u00a0<strong>uso dom\u00e9stico.<\/strong><\/div>\n<\/div>\n<\/div>\n<\/div>\n<div dir=\"ltr\"><\/div>\n<div dir=\"ltr\"><\/div>\n<div class=\"KVL47\">\n<div class=\"tkVbnb\">\n<div class=\"hReZbc\">\n<div dir=\"ltr\"><strong>Suporta de 20 a 25kg por bandeja<\/strong>. Vai embalada as bandejas e colunas e possui f\u00e1cil montagem, al\u00e9m de suas\u00a0<strong>6 bandejas regul\u00e1veis<\/strong>. O\u00a0<strong>acabamento\u00a0<\/strong>em sistema de pintura eletrost\u00e1tica a p\u00f3 (ep\u00f3xi) em alta temperatura, garante\u00a0<strong>maior durabilidade<\/strong>\u00a0do produto e resist\u00eancia ao tempo e ferrugem.<\/div>\n<div dir=\"ltr\"><\/div>\n<div dir=\"ltr\"><\/div>\n<h3 dir=\"ltr\"><strong>Especifica\u00e7\u00f5es:<\/strong><\/h3>\n<div class=\"mI4Zw\" dir=\"ltr\"><strong>Medida:\u00a0<\/strong>2,00m (alt)\u00a0 x 0,92m (comp) x 0,40m (prof);<\/div>\n<div dir=\"ltr\"><strong>Capacidade:<\/strong>\u00a020 a 25kg por bandeja;<\/div>\n<div dir=\"ltr\"><strong>Cor:<\/strong>\u00a0Cinza<\/div>\n<div dir=\"ltr\"><strong>Chapa:<\/strong>\u00a026 (0,50mm) as bandejas, e chapa 20 (0,95mm) as colunas;<\/div>\n<div dir=\"ltr\"><\/div>\n<\/div>\n<\/div>\n<\/div>\n<div dir=\"ltr\"><\/div>\n<div dir=\"ltr\"><strong>Obs:\u00a0<\/strong>Cada bandeja possui\u00a0 1 refor\u00e7o simples. E acompanha um kit com 48 parafusos e 48 porcas (8 por bandeja), montadas por chave 11, e 4 p\u00e9s pl\u00e1sticos para melhor prote\u00e7\u00e3o do piso e maior durabilidade do produto.<\/div>\n<div dir=\"ltr\"><\/div>\n<div dir=\"ltr\"><\/div>\n<p><em><strong>* Produto desmontado (caso queira o produto montado, consulte o valor);<\/strong><\/em><\/p>\n<p><em><strong>* Direto de F\u00e1brica<\/strong><strong>!<\/strong><\/em><\/p>\n<p><em><strong>* Enviamos para todo o Brasil (Transportadora), consulte-nos antes de comprar, referente o valor do frete. Ou se preferir retire em nossa loja;<\/strong><\/em><\/p>\n<p><em><strong>* Consulte-nos, caso tenha interesse em outras medida;<\/strong><\/em><\/p>\n<p><em><strong>*Fa\u00e7a sua pergunta e tire suas d\u00favidas, que vamos responder o mais breve poss\u00edvel.<\/strong><\/em><\/p>\n<\/div>","protected":false},"excerpt":{"rendered":"<p>OU\u00a0<strong>R$ 259,00<\/strong>\u00a0\u00c0 VISTA<br \/>\nCompre Hoje &#8211; <strong>11% OFF<\/strong><br \/>\n<strong>Regra da Promo\u00e7\u00e3o:<\/strong> Pagamento \u00e0 prazo, compre e parcele no cart\u00e3o de cr\u00e9dito: R$ 278,00. Ou no pagamento \u00e0 vista (dinheiro\/transfer\u00eancia): R$ 259,00.<\/p>","protected":false},"featured_media":926,"template":"","meta":{"site-sidebar-layout":"default","site-content-layout":"","ast-site-content-layout":"default","site-content-style":"default","site-sidebar-style":"default","ast-global-header-display":"","ast-banner-title-visibility":"","ast-main-header-display":"","ast-hfb-above-header-display":"","ast-hfb-below-header-display":"","ast-hfb-mobile-header-display":"","site-post-title":"","ast-breadcrumbs-content":"","ast-featured-img":"","footer-sml-layout":"","ast-disable-related-posts":"","theme-transparent-header-meta":"default","adv-header-id-meta":"","stick-header-meta":"","header-above-stick-meta":"","header-main-stick-meta":"","header-below-stick-meta":"","astra-migrate-meta-layouts":"set","ast-page-background-enabled":"default","ast-page-background-meta":{"desktop":{"background-color":"var(--ast-global-color-4)","background-image":"","background-repeat":"repeat","background-position":"center center","background-size":"auto","background-attachment":"scroll","background-type":"","background-media":"","overlay-type":"","overlay-color":"","overlay-opacity":"","overlay-gradient":""},"tablet":{"background-color":"","background-image":"","background-repeat":"repeat","background-position":"center center","background-size":"auto","background-attachment":"scroll","background-type":"","background-media":"","overlay-type":"","overlay-color":"","overlay-opacity":"","overlay-gradient":""},"mobile":{"background-color":"","background-image":"","background-repeat":"repeat","background-position":"center center","background-size":"auto","background-attachment":"scroll","background-type":"","background-media":"","overlay-type":"","overlay-color":"","overlay-opacity":"","overlay-gradient":""}},"ast-content-background-meta":{"desktop":{"background-color":"var(--ast-global-color-5)","background-image":"","background-repeat":"repeat","background-position":"center center","background-size":"auto","background-attachment":"scroll","background-type":"","background-media":"","overlay-type":"","overlay-color":"","overlay-opacity":"","overlay-gradient":""},"tablet":{"background-color":"var(--ast-global-color-5)","background-image":"","background-repeat":"repeat","background-position":"center center","background-size":"auto","background-attachment":"scroll","background-type":"","background-media":"","overlay-type":"","overlay-color":"","overlay-opacity":"","overlay-gradient":""},"mobile":{"background-color":"var(--ast-global-color-5)","background-image":"","background-repeat":"repeat","background-position":"center center","background-size":"auto","background-attachment":"scroll","background-type":"","background-media":"","overlay-type":"","overlay-color":"","overlay-opacity":"","overlay-gradient":""}}},"product_brand":[],"product_cat":[22,27],"product_tag":[],"class_list":{"0":"post-925","1":"product","2":"type-product","3":"status-publish","4":"has-post-thumbnail","6":"product_cat-estantes-de-aco","7":"product_cat-estante-de-aco-linha-leve","8":"desktop-align-left","9":"tablet-align-left","10":"mobile-align-left","12":"first","13":"instock","14":"sale","15":"shipping-taxable","16":"purchasable","17":"product-type-simple"},"yoast_head":"<!-- This site is optimized with the Yoast SEO plugin v27.4 - https:\/\/yoast.com\/product\/yoast-seo-wordpress\/ -->\n<title>Estante de A\u00e7o Cinza \u2013 40 cm Leve | C\/ 6 Prateleiras - Elyt Moveis<\/title>\n<meta name=\"robots\" content=\"index, follow, max-snippet:-1, max-image-preview:large, max-video-preview:-1\" \/>\n<link rel=\"canonical\" href=\"https:\/\/elytmoveisdeaco.com.br\/en\/product\/estante-de-aco-cinza-40-cm-leve-c-6-prateleiras\/\" \/>\n<meta property=\"og:locale\" content=\"en_US\" \/>\n<meta property=\"og:type\" content=\"article\" \/>\n<meta property=\"og:title\" content=\"Estante de A\u00e7o Cinza \u2013 40 cm Leve | C\/ 6 Prateleiras - Elyt Moveis\" \/>\n<meta property=\"og:description\" content=\"OU\u00a0R$ 259,00\u00a0\u00c0 VISTA Compre Hoje - 11% OFF Regra da Promo\u00e7\u00e3o: Pagamento \u00e0 prazo, compre e parcele no cart\u00e3o de cr\u00e9dito: R$ 278,00. Ou no pagamento \u00e0 vista (dinheiro\/transfer\u00eancia): R$ 259,00.\" \/>\n<meta property=\"og:url\" content=\"https:\/\/elytmoveisdeaco.com.br\/en\/product\/estante-de-aco-cinza-40-cm-leve-c-6-prateleiras\/\" \/>\n<meta property=\"og:site_name\" content=\"Elyt Moveis\" \/>\n<meta property=\"article:modified_time\" content=\"2024-10-18T15:54:04+00:00\" \/>\n<meta property=\"og:image\" content=\"https:\/\/elytmoveisdeaco.com.br\/wp-content\/uploads\/2024\/01\/40-26-c6-cheia-2.jpg\" \/>\n\t<meta property=\"og:image:width\" content=\"345\" \/>\n\t<meta property=\"og:image:height\" content=\"345\" \/>\n\t<meta property=\"og:image:type\" content=\"image\/jpeg\" \/>\n<meta name=\"twitter:card\" content=\"summary_large_image\" \/>\n<meta name=\"twitter:label1\" content=\"Est. reading time\" \/>\n\t<meta name=\"twitter:data1\" content=\"1 minute\" \/>\n<script type=\"application\/ld+json\" class=\"yoast-schema-graph\">{\"@context\":\"https:\\\/\\\/schema.org\",\"@graph\":[{\"@type\":\"WebPage\",\"@id\":\"https:\\\/\\\/elytmoveisdeaco.com.br\\\/produto\\\/estante-de-aco-cinza-40-cm-leve-c-6-prateleiras\\\/\",\"url\":\"https:\\\/\\\/elytmoveisdeaco.com.br\\\/produto\\\/estante-de-aco-cinza-40-cm-leve-c-6-prateleiras\\\/\",\"name\":\"Estante de A\u00e7o Cinza \u2013 40 cm Leve | C\\\/ 6 Prateleiras - Elyt Moveis\",\"isPartOf\":{\"@id\":\"https:\\\/\\\/elytmoveisdeaco.com.br\\\/#website\"},\"primaryImageOfPage\":{\"@id\":\"https:\\\/\\\/elytmoveisdeaco.com.br\\\/produto\\\/estante-de-aco-cinza-40-cm-leve-c-6-prateleiras\\\/#primaryimage\"},\"image\":{\"@id\":\"https:\\\/\\\/elytmoveisdeaco.com.br\\\/produto\\\/estante-de-aco-cinza-40-cm-leve-c-6-prateleiras\\\/#primaryimage\"},\"thumbnailUrl\":\"https:\\\/\\\/elytmoveisdeaco.com.br\\\/wp-content\\\/uploads\\\/2024\\\/01\\\/40-26-c6-cheia-2.jpg\",\"datePublished\":\"2024-01-30T17:11:42+00:00\",\"dateModified\":\"2024-10-18T15:54:04+00:00\",\"breadcrumb\":{\"@id\":\"https:\\\/\\\/elytmoveisdeaco.com.br\\\/produto\\\/estante-de-aco-cinza-40-cm-leve-c-6-prateleiras\\\/#breadcrumb\"},\"inLanguage\":\"en-US\",\"potentialAction\":[{\"@type\":\"ReadAction\",\"target\":[\"https:\\\/\\\/elytmoveisdeaco.com.br\\\/produto\\\/estante-de-aco-cinza-40-cm-leve-c-6-prateleiras\\\/\"]}]},{\"@type\":\"ImageObject\",\"inLanguage\":\"en-US\",\"@id\":\"https:\\\/\\\/elytmoveisdeaco.com.br\\\/produto\\\/estante-de-aco-cinza-40-cm-leve-c-6-prateleiras\\\/#primaryimage\",\"url\":\"https:\\\/\\\/elytmoveisdeaco.com.br\\\/wp-content\\\/uploads\\\/2024\\\/01\\\/40-26-c6-cheia-2.jpg\",\"contentUrl\":\"https:\\\/\\\/elytmoveisdeaco.com.br\\\/wp-content\\\/uploads\\\/2024\\\/01\\\/40-26-c6-cheia-2.jpg\",\"width\":345,\"height\":345},{\"@type\":\"BreadcrumbList\",\"@id\":\"https:\\\/\\\/elytmoveisdeaco.com.br\\\/produto\\\/estante-de-aco-cinza-40-cm-leve-c-6-prateleiras\\\/#breadcrumb\",\"itemListElement\":[{\"@type\":\"ListItem\",\"position\":1,\"name\":\"In\u00edcio\",\"item\":\"https:\\\/\\\/elytmoveisdeaco.com.br\\\/\"},{\"@type\":\"ListItem\",\"position\":2,\"name\":\"Loja\",\"item\":\"https:\\\/\\\/elytmoveisdeaco.com.br\\\/loja\\\/\"},{\"@type\":\"ListItem\",\"position\":3,\"name\":\"Estante de A\u00e7o Cinza \u2013 40 cm Leve | C\\\/ 6 Prateleiras\"}]},{\"@type\":\"WebSite\",\"@id\":\"https:\\\/\\\/elytmoveisdeaco.com.br\\\/#website\",\"url\":\"https:\\\/\\\/elytmoveisdeaco.com.br\\\/\",\"name\":\"Elyt Moveis\",\"description\":\"As Melhores Estantes para seu o Estoque\",\"publisher\":{\"@id\":\"https:\\\/\\\/elytmoveisdeaco.com.br\\\/#organization\"},\"potentialAction\":[{\"@type\":\"SearchAction\",\"target\":{\"@type\":\"EntryPoint\",\"urlTemplate\":\"https:\\\/\\\/elytmoveisdeaco.com.br\\\/?s={search_term_string}\"},\"query-input\":{\"@type\":\"PropertyValueSpecification\",\"valueRequired\":true,\"valueName\":\"search_term_string\"}}],\"inLanguage\":\"en-US\"},{\"@type\":\"Organization\",\"@id\":\"https:\\\/\\\/elytmoveisdeaco.com.br\\\/#organization\",\"name\":\"Elyt Moveis\",\"url\":\"https:\\\/\\\/elytmoveisdeaco.com.br\\\/\",\"logo\":{\"@type\":\"ImageObject\",\"inLanguage\":\"en-US\",\"@id\":\"https:\\\/\\\/elytmoveisdeaco.com.br\\\/#\\\/schema\\\/logo\\\/image\\\/\",\"url\":\"https:\\\/\\\/elytmoveisdeaco.com.br\\\/wp-content\\\/uploads\\\/2023\\\/12\\\/cropped-1663352060-9964807-17700-0b519f2c1866bd5148dfb7a4f0ac51ac.webp\",\"contentUrl\":\"https:\\\/\\\/elytmoveisdeaco.com.br\\\/wp-content\\\/uploads\\\/2023\\\/12\\\/cropped-1663352060-9964807-17700-0b519f2c1866bd5148dfb7a4f0ac51ac.webp\",\"width\":131,\"height\":86,\"caption\":\"Elyt Moveis\"},\"image\":{\"@id\":\"https:\\\/\\\/elytmoveisdeaco.com.br\\\/#\\\/schema\\\/logo\\\/image\\\/\"}}]}<\/script>\n<!-- \/ Yoast SEO plugin. -->","yoast_head_json":{"title":"Estante de A\u00e7o Cinza \u2013 40 cm Leve | C\/ 6 Prateleiras - Elyt Moveis","robots":{"index":"index","follow":"follow","max-snippet":"max-snippet:-1","max-image-preview":"max-image-preview:large","max-video-preview":"max-video-preview:-1"},"canonical":"https:\/\/elytmoveisdeaco.com.br\/en\/product\/estante-de-aco-cinza-40-cm-leve-c-6-prateleiras\/","og_locale":"en_US","og_type":"article","og_title":"Estante de A\u00e7o Cinza \u2013 40 cm Leve | C\/ 6 Prateleiras - Elyt Moveis","og_description":"OU\u00a0R$ 259,00\u00a0\u00c0 VISTA Compre Hoje - 11% OFF Regra da Promo\u00e7\u00e3o: Pagamento \u00e0 prazo, compre e parcele no cart\u00e3o de cr\u00e9dito: R$ 278,00. Ou no pagamento \u00e0 vista (dinheiro\/transfer\u00eancia): R$ 259,00.","og_url":"https:\/\/elytmoveisdeaco.com.br\/en\/product\/estante-de-aco-cinza-40-cm-leve-c-6-prateleiras\/","og_site_name":"Elyt Moveis","article_modified_time":"2024-10-18T15:54:04+00:00","og_image":[{"width":345,"height":345,"url":"https:\/\/elytmoveisdeaco.com.br\/wp-content\/uploads\/2024\/01\/40-26-c6-cheia-2.jpg","type":"image\/jpeg"}],"twitter_card":"summary_large_image","twitter_misc":{"Est. reading time":"1 minute"},"schema":{"@context":"https:\/\/schema.org","@graph":[{"@type":"WebPage","@id":"https:\/\/elytmoveisdeaco.com.br\/produto\/estante-de-aco-cinza-40-cm-leve-c-6-prateleiras\/","url":"https:\/\/elytmoveisdeaco.com.br\/produto\/estante-de-aco-cinza-40-cm-leve-c-6-prateleiras\/","name":"Estante de A\u00e7o Cinza \u2013 40 cm Leve | C\/ 6 Prateleiras - Elyt Moveis","isPartOf":{"@id":"https:\/\/elytmoveisdeaco.com.br\/#website"},"primaryImageOfPage":{"@id":"https:\/\/elytmoveisdeaco.com.br\/produto\/estante-de-aco-cinza-40-cm-leve-c-6-prateleiras\/#primaryimage"},"image":{"@id":"https:\/\/elytmoveisdeaco.com.br\/produto\/estante-de-aco-cinza-40-cm-leve-c-6-prateleiras\/#primaryimage"},"thumbnailUrl":"https:\/\/elytmoveisdeaco.com.br\/wp-content\/uploads\/2024\/01\/40-26-c6-cheia-2.jpg","datePublished":"2024-01-30T17:11:42+00:00","dateModified":"2024-10-18T15:54:04+00:00","breadcrumb":{"@id":"https:\/\/elytmoveisdeaco.com.br\/produto\/estante-de-aco-cinza-40-cm-leve-c-6-prateleiras\/#breadcrumb"},"inLanguage":"en-US","potentialAction":[{"@type":"ReadAction","target":["https:\/\/elytmoveisdeaco.com.br\/produto\/estante-de-aco-cinza-40-cm-leve-c-6-prateleiras\/"]}]},{"@type":"ImageObject","inLanguage":"en-US","@id":"https:\/\/elytmoveisdeaco.com.br\/produto\/estante-de-aco-cinza-40-cm-leve-c-6-prateleiras\/#primaryimage","url":"https:\/\/elytmoveisdeaco.com.br\/wp-content\/uploads\/2024\/01\/40-26-c6-cheia-2.jpg","contentUrl":"https:\/\/elytmoveisdeaco.com.br\/wp-content\/uploads\/2024\/01\/40-26-c6-cheia-2.jpg","width":345,"height":345},{"@type":"BreadcrumbList","@id":"https:\/\/elytmoveisdeaco.com.br\/produto\/estante-de-aco-cinza-40-cm-leve-c-6-prateleiras\/#breadcrumb","itemListElement":[{"@type":"ListItem","position":1,"name":"In\u00edcio","item":"https:\/\/elytmoveisdeaco.com.br\/"},{"@type":"ListItem","position":2,"name":"Loja","item":"https:\/\/elytmoveisdeaco.com.br\/loja\/"},{"@type":"ListItem","position":3,"name":"Estante de A\u00e7o Cinza \u2013 40 cm Leve | C\/ 6 Prateleiras"}]},{"@type":"WebSite","@id":"https:\/\/elytmoveisdeaco.com.br\/#website","url":"https:\/\/elytmoveisdeaco.com.br\/","name":"Elyt Moveis","description":"As Melhores Estantes para seu o Estoque","publisher":{"@id":"https:\/\/elytmoveisdeaco.com.br\/#organization"},"potentialAction":[{"@type":"SearchAction","target":{"@type":"EntryPoint","urlTemplate":"https:\/\/elytmoveisdeaco.com.br\/?s={search_term_string}"},"query-input":{"@type":"PropertyValueSpecification","valueRequired":true,"valueName":"search_term_string"}}],"inLanguage":"en-US"},{"@type":"Organization","@id":"https:\/\/elytmoveisdeaco.com.br\/#organization","name":"Elyt Moveis","url":"https:\/\/elytmoveisdeaco.com.br\/","logo":{"@type":"ImageObject","inLanguage":"en-US","@id":"https:\/\/elytmoveisdeaco.com.br\/#\/schema\/logo\/image\/","url":"https:\/\/elytmoveisdeaco.com.br\/wp-content\/uploads\/2023\/12\/cropped-1663352060-9964807-17700-0b519f2c1866bd5148dfb7a4f0ac51ac.webp","contentUrl":"https:\/\/elytmoveisdeaco.com.br\/wp-content\/uploads\/2023\/12\/cropped-1663352060-9964807-17700-0b519f2c1866bd5148dfb7a4f0ac51ac.webp","width":131,"height":86,"caption":"Elyt Moveis"},"image":{"@id":"https:\/\/elytmoveisdeaco.com.br\/#\/schema\/logo\/image\/"}}]}},"_links":{"self":[{"href":"https:\/\/elytmoveisdeaco.com.br\/en\/wp-json\/wp\/v2\/product\/925","targetHints":{"allow":["GET"]}}],"collection":[{"href":"https:\/\/elytmoveisdeaco.com.br\/en\/wp-json\/wp\/v2\/product"}],"about":[{"href":"https:\/\/elytmoveisdeaco.com.br\/en\/wp-json\/wp\/v2\/types\/product"}],"wp:featuredmedia":[{"embeddable":true,"href":"https:\/\/elytmoveisdeaco.com.br\/en\/wp-json\/wp\/v2\/media\/926"}],"wp:attachment":[{"href":"https:\/\/elytmoveisdeaco.com.br\/en\/wp-json\/wp\/v2\/media?parent=925"}],"wp:term":[{"taxonomy":"product_brand","embeddable":true,"href":"https:\/\/elytmoveisdeaco.com.br\/en\/wp-json\/wp\/v2\/product_brand?post=925"},{"taxonomy":"product_cat","embeddable":true,"href":"https:\/\/elytmoveisdeaco.com.br\/en\/wp-json\/wp\/v2\/product_cat?post=925"},{"taxonomy":"product_tag","embeddable":true,"href":"https:\/\/elytmoveisdeaco.com.br\/en\/wp-json\/wp\/v2\/product_tag?post=925"}],"curies":[{"name":"wp","href":"https:\/\/api.w.org\/{rel}","templated":true}]}}